{"id":8208,"date":"2019-10-28T08:50:33","date_gmt":"2019-10-28T06:50:33","guid":{"rendered":"https:\/\/www.bau-styl.hu\/epitoanyag\/termek\/kk-kavics-project-rotterdam-terko-gepi-szurke-20x165x8-cm\/"},"modified":"2025-06-03T20:46:37","modified_gmt":"2025-06-03T18:46:37","slug":"kk-kavics-project-rotterdam-normalko-terko-gepi-szurke-20x165x8-cm","status":"publish","type":"product","link":"https:\/\/www.bau-styl.hu\/epitoanyag\/termek\/kk-kavics-project-rotterdam-normalko-terko-gepi-szurke-20x165x8-cm\/","title":{"rendered":"KK Kavics Project Rotterdam Norm\u00e1lk\u0151 t\u00e9rk\u0151 g\u00e9pi, sz\u00fcrke 20&#215;16,5&#215;8 cm"},"content":{"rendered":"<p><strong>Aj\u00e1nlhatunk hozz\u00e1 m\u00e1st is?<\/strong><\/p>\n<p><span style=\"text-decoration: underline;\"><a href=\"https:\/\/www.bau-styl.hu\/epitoanyag\/termek\/lb-knauf-kvarchomok-0-06-mm-40-kg\/\">Cemix Kvarchomok 0-0,6 mm 40 kg<\/a><\/span><br \/>\n<span style=\"text-decoration: underline;\"><a href=\"https:\/\/www.bau-styl.hu\/epitoanyag\/termek\/murva-0-20\/\">Murva 0-20Murva 0-20 \/ tonna<\/a><\/span><br \/>\n<span style=\"text-decoration: underline;\"><a href=\"https:\/\/www.bau-styl.hu\/epitoanyag\/termek\/murva-12-20\/\">Murva 12-20<\/a><\/span><br \/>\n<span style=\"text-decoration: underline;\"><a href=\"https:\/\/www.bau-styl.hu\/epitoanyag\/termek\/homok-0-4\/\">Homok 0-4 \/ tonna<\/a><\/span><\/p>\n","protected":false},"excerpt":{"rendered":"<p>Aj\u00e1nlhatunk hozz\u00e1 m\u00e1st is? Cemix Kvarchomok 0-0,6 mm 40 kg Murva 0-20Murva 0-20 \/ tonna Murva 12-20 Homok 0-4 \/ tonna<\/p>\n","protected":false},"featured_media":28544,"template":"","meta":[],"product_brand":[],"product_cat":[168,175,180],"product_tag":[6600],"class_list":{"0":"post-8208","1":"product","2":"type-product","3":"status-publish","4":"has-post-thumbnail","6":"product_cat-kertepites-es-terburkolat","7":"product_cat-terkovek","8":"product_cat-kk-kavics-beton-terko-kiegeszito","9":"product_tag-kk-kavics-beton","11":"first","12":"instock","13":"taxable","14":"shipping-taxable","15":"purchasable","16":"product-type-simple"},"aioseo_notices":[],"_links":{"self":[{"href":"https:\/\/www.bau-styl.hu\/epitoanyag\/wp-json\/wp\/v2\/product\/8208","targetHints":{"allow":["GET"]}}],"collection":[{"href":"https:\/\/www.bau-styl.hu\/epitoanyag\/wp-json\/wp\/v2\/product"}],"about":[{"href":"https:\/\/www.bau-styl.hu\/epitoanyag\/wp-json\/wp\/v2\/types\/product"}],"wp:featuredmedia":[{"embeddable":true,"href":"https:\/\/www.bau-styl.hu\/epitoanyag\/wp-json\/wp\/v2\/media\/28544"}],"wp:attachment":[{"href":"https:\/\/www.bau-styl.hu\/epitoanyag\/wp-json\/wp\/v2\/media?parent=8208"}],"wp:term":[{"taxonomy":"product_brand","embeddable":true,"href":"https:\/\/www.bau-styl.hu\/epitoanyag\/wp-json\/wp\/v2\/product_brand?post=8208"},{"taxonomy":"product_cat","embeddable":true,"href":"https:\/\/www.bau-styl.hu\/epitoanyag\/wp-json\/wp\/v2\/product_cat?post=8208"},{"taxonomy":"product_tag","embeddable":true,"href":"https:\/\/www.bau-styl.hu\/epitoanyag\/wp-json\/wp\/v2\/product_tag?post=8208"}],"curies":[{"name":"wp","href":"https:\/\/api.w.org\/{rel}","templated":true}]}}