{"id":8209,"date":"2019-10-28T06:50:34","date_gmt":"2019-10-28T06:50:34","guid":{"rendered":"https:\/\/www.bau-styl.hu\/epitoanyag\/termek\/kk-kavics-project-sullyesztett-szegelyko-szurke-20x40-mm-es-oldalan-koporeteggel-15x20x40-cm\/"},"modified":"2025-10-22T09:48:47","modified_gmt":"2025-10-22T07:48:47","slug":"kk-kavics-sullyesztett-szegelyko-szurke-20x40-mm-es-koporeteggel-szurke-15x20x40-cm","status":"publish","type":"product","link":"https:\/\/www.bau-styl.hu\/epitoanyag\/termek\/kk-kavics-sullyesztett-szegelyko-szurke-20x40-mm-es-koporeteggel-szurke-15x20x40-cm\/","title":{"rendered":"KK Kavics S\u00fcllyesztett Szeg\u00e9lyk\u0151 20&#215;40 mm-es kop\u00f3r\u00e9teggel, sz\u00fcrke 15x20x40 cm"},"content":{"rendered":"","protected":false},"excerpt":{"rendered":"","protected":false},"featured_media":34937,"template":"","meta":[],"product_brand":[],"product_cat":[168,6635],"product_tag":[6600],"class_list":{"0":"post-8209","1":"product","2":"type-product","3":"status-publish","4":"has-post-thumbnail","6":"product_cat-kertepites-es-terburkolat","7":"product_cat-ipari-termekek","8":"product_tag-kk-kavics-beton","10":"first","11":"instock","12":"taxable","13":"shipping-taxable","14":"purchasable","15":"product-type-simple"},"aioseo_notices":[],"_links":{"self":[{"href":"https:\/\/www.bau-styl.hu\/epitoanyag\/wp-json\/wp\/v2\/product\/8209","targetHints":{"allow":["GET"]}}],"collection":[{"href":"https:\/\/www.bau-styl.hu\/epitoanyag\/wp-json\/wp\/v2\/product"}],"about":[{"href":"https:\/\/www.bau-styl.hu\/epitoanyag\/wp-json\/wp\/v2\/types\/product"}],"wp:featuredmedia":[{"embeddable":true,"href":"https:\/\/www.bau-styl.hu\/epitoanyag\/wp-json\/wp\/v2\/media\/34937"}],"wp:attachment":[{"href":"https:\/\/www.bau-styl.hu\/epitoanyag\/wp-json\/wp\/v2\/media?parent=8209"}],"wp:term":[{"taxonomy":"product_brand","embeddable":true,"href":"https:\/\/www.bau-styl.hu\/epitoanyag\/wp-json\/wp\/v2\/product_brand?post=8209"},{"taxonomy":"product_cat","embeddable":true,"href":"https:\/\/www.bau-styl.hu\/epitoanyag\/wp-json\/wp\/v2\/product_cat?post=8209"},{"taxonomy":"product_tag","embeddable":true,"href":"https:\/\/www.bau-styl.hu\/epitoanyag\/wp-json\/wp\/v2\/product_tag?post=8209"}],"curies":[{"name":"wp","href":"https:\/\/api.w.org\/{rel}","templated":true}]}}