{"id":8210,"date":"2019-10-28T06:50:34","date_gmt":"2019-10-28T04:50:34","guid":{"rendered":"https:\/\/www.bau-styl.hu\/epitoanyag\/termek\/kk-kavics-project-zsaluko-25-50x25x25-cm\/"},"modified":"2025-05-07T23:23:10","modified_gmt":"2025-05-07T21:23:10","slug":"kk-kavics-zsaluko-25-50x25x25-cm","status":"publish","type":"product","link":"https:\/\/www.bau-styl.hu\/epitoanyag\/termek\/kk-kavics-zsaluko-25-50x25x25-cm\/","title":{"rendered":"KK Kavics Zsaluk\u0151 25 50x25x25 cm"},"content":{"rendered":"","protected":false},"excerpt":{"rendered":"<p>A szigetel\u00e9s \u00e9s a vakol\u00e1s gyorsan \u00e9s k\u00f6nnyed\u00e9n felvihet\u0151 a falelemekre.<\/p>\n","protected":false},"featured_media":9864,"template":"","meta":[],"product_brand":[],"product_cat":[637,4506,4892],"product_tag":[6600],"class_list":{"0":"post-8210","1":"product","2":"type-product","3":"status-publish","4":"has-post-thumbnail","6":"product_cat-beton-termek","7":"product_cat-zsaluko-beton-termek","8":"product_cat-kk-kavics-beton-zsaluko-beton-termek","9":"product_tag-kk-kavics-beton","11":"first","12":"instock","13":"taxable","14":"shipping-taxable","15":"purchasable","16":"product-type-simple"},"aioseo_notices":[],"_links":{"self":[{"href":"https:\/\/www.bau-styl.hu\/epitoanyag\/wp-json\/wp\/v2\/product\/8210","targetHints":{"allow":["GET"]}}],"collection":[{"href":"https:\/\/www.bau-styl.hu\/epitoanyag\/wp-json\/wp\/v2\/product"}],"about":[{"href":"https:\/\/www.bau-styl.hu\/epitoanyag\/wp-json\/wp\/v2\/types\/product"}],"wp:featuredmedia":[{"embeddable":true,"href":"https:\/\/www.bau-styl.hu\/epitoanyag\/wp-json\/wp\/v2\/media\/9864"}],"wp:attachment":[{"href":"https:\/\/www.bau-styl.hu\/epitoanyag\/wp-json\/wp\/v2\/media?parent=8210"}],"wp:term":[{"taxonomy":"product_brand","embeddable":true,"href":"https:\/\/www.bau-styl.hu\/epitoanyag\/wp-json\/wp\/v2\/product_brand?post=8210"},{"taxonomy":"product_cat","embeddable":true,"href":"https:\/\/www.bau-styl.hu\/epitoanyag\/wp-json\/wp\/v2\/product_cat?post=8210"},{"taxonomy":"product_tag","embeddable":true,"href":"https:\/\/www.bau-styl.hu\/epitoanyag\/wp-json\/wp\/v2\/product_tag?post=8210"}],"curies":[{"name":"wp","href":"https:\/\/api.w.org\/{rel}","templated":true}]}}