{"id":8232,"date":"2019-10-28T06:50:49","date_gmt":"2019-10-28T06:50:49","guid":{"rendered":"https:\/\/www.bau-styl.hu\/epitoanyag\/termek\/kozetfuro-sds-negyelu-8x210-pnx\/"},"modified":"2024-01-15T21:15:46","modified_gmt":"2024-01-15T19:15:46","slug":"kozetfuro-sds-negyelu-8x210-pnx","status":"publish","type":"product","link":"https:\/\/www.bau-styl.hu\/epitoanyag\/termek\/kozetfuro-sds-negyelu-8x210-pnx\/","title":{"rendered":"K\u0151zetf\u00far\u00f3 SDS+ n\u00e9gy\u00e9l\u0171 8&#215;210 (PNX)"},"content":{"rendered":"","protected":false},"excerpt":{"rendered":"","protected":false},"featured_media":7444,"template":"","meta":[],"product_brand":[],"product_cat":[261,6638],"product_tag":[],"class_list":{"0":"post-8232","1":"product","2":"type-product","3":"status-publish","4":"has-post-thumbnail","6":"product_cat-barkacs-szerszam-es-munkavedelem","7":"product_cat-kezi-szerszam","9":"first","10":"instock","11":"taxable","12":"shipping-taxable","13":"purchasable","14":"product-type-simple"},"aioseo_notices":[],"_links":{"self":[{"href":"https:\/\/www.bau-styl.hu\/epitoanyag\/wp-json\/wp\/v2\/product\/8232","targetHints":{"allow":["GET"]}}],"collection":[{"href":"https:\/\/www.bau-styl.hu\/epitoanyag\/wp-json\/wp\/v2\/product"}],"about":[{"href":"https:\/\/www.bau-styl.hu\/epitoanyag\/wp-json\/wp\/v2\/types\/product"}],"wp:featuredmedia":[{"embeddable":true,"href":"https:\/\/www.bau-styl.hu\/epitoanyag\/wp-json\/wp\/v2\/media\/7444"}],"wp:attachment":[{"href":"https:\/\/www.bau-styl.hu\/epitoanyag\/wp-json\/wp\/v2\/media?parent=8232"}],"wp:term":[{"taxonomy":"product_brand","embeddable":true,"href":"https:\/\/www.bau-styl.hu\/epitoanyag\/wp-json\/wp\/v2\/product_brand?post=8232"},{"taxonomy":"product_cat","embeddable":true,"href":"https:\/\/www.bau-styl.hu\/epitoanyag\/wp-json\/wp\/v2\/product_cat?post=8232"},{"taxonomy":"product_tag","embeddable":true,"href":"https:\/\/www.bau-styl.hu\/epitoanyag\/wp-json\/wp\/v2\/product_tag?post=8232"}],"curies":[{"name":"wp","href":"https:\/\/api.w.org\/{rel}","templated":true}]}}