{"id":8240,"date":"2019-10-28T06:50:56","date_gmt":"2019-10-28T04:50:56","guid":{"rendered":"https:\/\/www.bau-styl.hu\/epitoanyag\/termek\/lagyhuzal-14-mm\/"},"modified":"2025-06-23T23:56:46","modified_gmt":"2025-06-23T21:56:46","slug":"lagyhuzal-fekete-14-mm","status":"publish","type":"product","link":"https:\/\/www.bau-styl.hu\/epitoanyag\/termek\/lagyhuzal-fekete-14-mm\/","title":{"rendered":"L\u00e1gyhuzal fekete 1,4 mm"},"content":{"rendered":"","protected":false},"excerpt":{"rendered":"<p>A k\u00f6t\u00f6z\u0151dr\u00f3t tekercses kiszerel\u00e9sben kaphat\u00f3. A s\u00e1valap \u00e9s koszor\u00fa betonvasainak \u00f6sszeszerel\u00e9s\u00e9n\u00e9l, vash\u00e1l\u00f3k egym\u00e1shoz r\u00f6gz\u00edt\u00e9s\u00e9n\u00e9l lehet r\u00e1 sz\u00fcks\u00e9g.<\/p>\n","protected":false},"featured_media":44131,"template":"","meta":[],"product_brand":[],"product_cat":[451,455],"product_tag":[],"class_list":{"0":"post-8240","1":"product","2":"type-product","3":"status-publish","4":"has-post-thumbnail","6":"product_cat-vasanyag","7":"product_cat-kotozo-drot","9":"first","10":"instock","11":"taxable","12":"shipping-taxable","13":"purchasable","14":"product-type-simple"},"aioseo_notices":[],"_links":{"self":[{"href":"https:\/\/www.bau-styl.hu\/epitoanyag\/wp-json\/wp\/v2\/product\/8240","targetHints":{"allow":["GET"]}}],"collection":[{"href":"https:\/\/www.bau-styl.hu\/epitoanyag\/wp-json\/wp\/v2\/product"}],"about":[{"href":"https:\/\/www.bau-styl.hu\/epitoanyag\/wp-json\/wp\/v2\/types\/product"}],"wp:featuredmedia":[{"embeddable":true,"href":"https:\/\/www.bau-styl.hu\/epitoanyag\/wp-json\/wp\/v2\/media\/44131"}],"wp:attachment":[{"href":"https:\/\/www.bau-styl.hu\/epitoanyag\/wp-json\/wp\/v2\/media?parent=8240"}],"wp:term":[{"taxonomy":"product_brand","embeddable":true,"href":"https:\/\/www.bau-styl.hu\/epitoanyag\/wp-json\/wp\/v2\/product_brand?post=8240"},{"taxonomy":"product_cat","embeddable":true,"href":"https:\/\/www.bau-styl.hu\/epitoanyag\/wp-json\/wp\/v2\/product_cat?post=8240"},{"taxonomy":"product_tag","embeddable":true,"href":"https:\/\/www.bau-styl.hu\/epitoanyag\/wp-json\/wp\/v2\/product_tag?post=8240"}],"curies":[{"name":"wp","href":"https:\/\/api.w.org\/{rel}","templated":true}]}}