{"id":8251,"date":"2019-10-28T06:51:02","date_gmt":"2019-10-28T04:51:02","guid":{"rendered":"https:\/\/www.bau-styl.hu\/epitoanyag\/termek\/lb-knauf-aquastop-plus-folyekony-folia-belteri-5-kg\/"},"modified":"2025-09-17T13:19:23","modified_gmt":"2025-09-17T11:19:23","slug":"cemix-8110-aquastop-in-folyekony-folia-belteri-5-kg","status":"publish","type":"product","link":"https:\/\/www.bau-styl.hu\/epitoanyag\/termek\/cemix-8110-aquastop-in-folyekony-folia-belteri-5-kg\/","title":{"rendered":"Cemix 8110 Aquastop IN Foly\u00e9kony f\u00f3lia belt\u00e9ri 5 kg"},"content":{"rendered":"","protected":false},"excerpt":{"rendered":"<p>Vizes helyis\u00e9gekben el\u0151fordul\u00f3 szigetel\u00e9si feladatokra haszn\u00e1ljuk burkol\u00e1s el\u0151tt pl. \u00e9p\u00edtett zuhanyz\u00f3, f\u00fcrd\u0151szoba. Alapfel\u00fclet lehet cement, gipsz, m\u00e9sz k\u00f6t\u0151anyag\u00fa, vagy nem nedvsz\u00edv\u00f3 (pl. OSB) fel\u00fclet. F\u0171t\u00f6tt fel\u00fcletre is alkalmazhat\u00f3. Nem alkalmazhat\u00f3 tart\u00f3s v\u00edzterhel\u00e9snek kitett fel\u00fcleteken uszod\u00e1ban, iv\u00f3v\u00edzt\u00e1rol\u00f3ban, kutakban.<br \/>\n&#8211; Visszaz\u00e1rhat\u00f3 v\u00f6d\u00f6rben kaphat\u00f3: a marad\u00e9k anyag elt\u00e1rolhat\u00f3<br \/>\n&#8211; Felhaszn\u00e1l\u00e1sra k\u00e9sz: nem kell keverni, azonnal felhordhat\u00f3, nincs por<br \/>\n&#8211; Diszperzi\u00f3s foly\u00e9kony f\u00f3lia: szinte b\u00e1rmilyen alapfel\u00fcletre r\u00e1tapad, (pl. OSB, gipsz stb.) \u00e9s extr\u00e9m rugalmas \u00e9s p\u00e1raz\u00e1r\u00f3<\/p>\n","protected":false},"featured_media":44611,"template":"","meta":[],"product_brand":[],"product_cat":[9620,129,458,6649],"product_tag":[10466],"class_list":{"0":"post-8251","1":"product","2":"type-product","3":"status-publish","4":"has-post-thumbnail","6":"product_cat-epitesi-segedanyagok-adalekanyagok","7":"product_cat-hidegburkolas","8":"product_cat-vizszigeteles","9":"product_cat-kenheto-szigeteles","10":"product_tag-cemix","12":"first","13":"instock","14":"taxable","15":"shipping-taxable","16":"purchasable","17":"product-type-simple"},"aioseo_notices":[],"_links":{"self":[{"href":"https:\/\/www.bau-styl.hu\/epitoanyag\/wp-json\/wp\/v2\/product\/8251","targetHints":{"allow":["GET"]}}],"collection":[{"href":"https:\/\/www.bau-styl.hu\/epitoanyag\/wp-json\/wp\/v2\/product"}],"about":[{"href":"https:\/\/www.bau-styl.hu\/epitoanyag\/wp-json\/wp\/v2\/types\/product"}],"wp:featuredmedia":[{"embeddable":true,"href":"https:\/\/www.bau-styl.hu\/epitoanyag\/wp-json\/wp\/v2\/media\/44611"}],"wp:attachment":[{"href":"https:\/\/www.bau-styl.hu\/epitoanyag\/wp-json\/wp\/v2\/media?parent=8251"}],"wp:term":[{"taxonomy":"product_brand","embeddable":true,"href":"https:\/\/www.bau-styl.hu\/epitoanyag\/wp-json\/wp\/v2\/product_brand?post=8251"},{"taxonomy":"product_cat","embeddable":true,"href":"https:\/\/www.bau-styl.hu\/epitoanyag\/wp-json\/wp\/v2\/product_cat?post=8251"},{"taxonomy":"product_tag","embeddable":true,"href":"https:\/\/www.bau-styl.hu\/epitoanyag\/wp-json\/wp\/v2\/product_tag?post=8251"}],"curies":[{"name":"wp","href":"https:\/\/api.w.org\/{rel}","templated":true}]}}