{"id":8254,"date":"2019-10-28T06:51:05","date_gmt":"2019-10-28T04:51:05","guid":{"rendered":"https:\/\/www.bau-styl.hu\/epitoanyag\/termek\/lb-knauf-flex-csemperagaszto-kul-es-belteri-c2te-25-kg\/"},"modified":"2025-09-17T12:57:34","modified_gmt":"2025-09-17T10:57:34","slug":"cemix-8225-flex-csemperagaszto-kul-es-belteri-c2te-25-kg","status":"publish","type":"product","link":"https:\/\/www.bau-styl.hu\/epitoanyag\/termek\/cemix-8225-flex-csemperagaszto-kul-es-belteri-c2te-25-kg\/","title":{"rendered":"Cemix 8225 Flex Csemperagaszt\u00f3 k\u00fcl- \u00e9s belt\u00e9ri (C2TE) 25 kg"},"content":{"rendered":"","protected":false},"excerpt":{"rendered":"<p>Mindenf\u00e9le belt\u00e9ri \u00e9s k\u00fclt\u00e9ri fel\u00fclethez.<br \/>\nPadl\u00f3- \u00e9s falf\u0171t\u00e9shez.<br \/>\nKenhet\u0151 v\u00edzszigetel\u00e9sen \u00e9s gipszkarton fel\u00fcleteken.<br \/>\nKis nedvsz\u00edv\u00f3 k\u00e9pess\u00e9g\u0171 lapokhoz.<br \/>\nAlkalmas m\u00e9rs\u00e9kelt forgalmi terhel\u00e9s\u0171 gar\u00e1zsokhoz.<br \/>\n&#8211; K\u00f6zepes \u00e9s nagy m\u00e9ret\u0171 csemp\u00e9khez \u00e9s greslapokhoz.<br \/>\n&#8211; Fagy\u00e1ll\u00f3.<br \/>\n&#8211; Hossz\u00fa nyitott id\u0151: nagy fel\u00fcletek egyszerre t\u00f6rt\u00e9n\u0151 burkol\u00e1s\u00e1hoz.<br \/>\n&#8211; Tixotr\u00f3p: lecs\u00fasz\u00e1smentes, megk\u00f6nny\u00edti a lapok falon val\u00f3 elhelyez\u00e9s\u00e9t.<\/p>\n","protected":false},"featured_media":44598,"template":"","meta":[],"product_brand":[],"product_cat":[129,6632,2831,2832],"product_tag":[10466],"class_list":{"0":"post-8254","1":"product","2":"type-product","3":"status-publish","4":"has-post-thumbnail","6":"product_cat-hidegburkolas","7":"product_cat-ragasztastechnika","8":"product_cat-zsakos-termek","9":"product_cat-csemperagaszto-zsakos-aru-por-termek","10":"product_tag-cemix","12":"first","13":"instock","14":"taxable","15":"shipping-taxable","16":"purchasable","17":"product-type-simple"},"aioseo_notices":[],"_links":{"self":[{"href":"https:\/\/www.bau-styl.hu\/epitoanyag\/wp-json\/wp\/v2\/product\/8254","targetHints":{"allow":["GET"]}}],"collection":[{"href":"https:\/\/www.bau-styl.hu\/epitoanyag\/wp-json\/wp\/v2\/product"}],"about":[{"href":"https:\/\/www.bau-styl.hu\/epitoanyag\/wp-json\/wp\/v2\/types\/product"}],"wp:featuredmedia":[{"embeddable":true,"href":"https:\/\/www.bau-styl.hu\/epitoanyag\/wp-json\/wp\/v2\/media\/44598"}],"wp:attachment":[{"href":"https:\/\/www.bau-styl.hu\/epitoanyag\/wp-json\/wp\/v2\/media?parent=8254"}],"wp:term":[{"taxonomy":"product_brand","embeddable":true,"href":"https:\/\/www.bau-styl.hu\/epitoanyag\/wp-json\/wp\/v2\/product_brand?post=8254"},{"taxonomy":"product_cat","embeddable":true,"href":"https:\/\/www.bau-styl.hu\/epitoanyag\/wp-json\/wp\/v2\/product_cat?post=8254"},{"taxonomy":"product_tag","embeddable":true,"href":"https:\/\/www.bau-styl.hu\/epitoanyag\/wp-json\/wp\/v2\/product_tag?post=8254"}],"curies":[{"name":"wp","href":"https:\/\/api.w.org\/{rel}","templated":true}]}}