{"id":8258,"date":"2019-10-28T06:51:08","date_gmt":"2019-10-28T04:51:08","guid":{"rendered":"https:\/\/www.bau-styl.hu\/epitoanyag\/termek\/lb-knauf-intertop-belteri-falfestek-bazis-5-15-l\/"},"modified":"2025-10-21T12:44:17","modified_gmt":"2025-10-21T10:44:17","slug":"cemix-intertop-belteri-falfestek-bazis-5-15-l","status":"publish","type":"product","link":"https:\/\/www.bau-styl.hu\/epitoanyag\/termek\/cemix-intertop-belteri-falfestek-bazis-5-15-l\/","title":{"rendered":"Cemix InterTop Belt\u00e9ri falfest\u00e9k b\u00e1zis 5, 15 l"},"content":{"rendered":"","protected":false},"excerpt":{"rendered":"<p>Belt\u00e9rben r\u00e9gi \u00e9s \u00faj vakolt, glettelt \u00e9s vizes b\u00e1zis\u00fa diszperzi\u00f3s fest\u00e9kkel festett falazaton (kiv\u00e9tel m\u00e9szfest\u00e9k) \u00e9s mennyezeten alkalmazhat\u00f3. Nedves d\u00f6rzs\u00f6l\u00e9ssel szemben nem ellen\u00e1ll\u00f3.<br \/>\n&#8211; Magas diszperzi\u00f3 tartalom: \u00e9l\u00e9nk \u00e9s hosszantart\u00f3 sz\u00ednek.<br \/>\n&#8211; Egyedi \u00f6sszet\u00e9tel: kiv\u00e1l\u00f3 fed\u0151k\u00e9pess\u00e9g\u0171, tart\u00f3s, ellen\u00e1ll\u00f3 fel\u00fcletet k\u00e9pez.<br \/>\n&#8211; Szagmentes \u00e9s biztons\u00e1gos: vizes b\u00e1zis\u00fa.<br \/>\n&#8211; Nem sz\u00fcks\u00e9ges h\u00edg\u00edt\u00f3, az eszk\u00f6z\u00f6k v\u00edzzel k\u00f6nnyen tiszt\u00edthat\u00f3k.<br \/>\n&#8211; J\u00f3 p\u00e1ra\u00e1tereszt\u0151 tulajdons\u00e1ga hozz\u00e1j\u00e1rul a kellemes lak\u00f3kl\u00edma fenntart\u00e1s\u00e1hoz.<br \/>\n&#8211; A Cemix Selection sz\u00ednk\u00e1rtya sz\u00edncsoportjainak 477 sz\u00edn\u00e9ben el\u00e9rhet\u0151: White, Cream, Earth, Rusty, Blue, Green, Intense \u00e9s Rock.<\/p>\n","protected":false},"featured_media":44602,"template":"","meta":[],"product_brand":[],"product_cat":[332,6647],"product_tag":[],"class_list":{"0":"post-8258","1":"product","2":"type-product","3":"status-publish","4":"has-post-thumbnail","6":"product_cat-szinezes","7":"product_cat-belteri-falfestek","9":"first","10":"instock","11":"taxable","12":"shipping-taxable","13":"purchasable","14":"product-type-simple"},"aioseo_notices":[],"_links":{"self":[{"href":"https:\/\/www.bau-styl.hu\/epitoanyag\/wp-json\/wp\/v2\/product\/8258","targetHints":{"allow":["GET"]}}],"collection":[{"href":"https:\/\/www.bau-styl.hu\/epitoanyag\/wp-json\/wp\/v2\/product"}],"about":[{"href":"https:\/\/www.bau-styl.hu\/epitoanyag\/wp-json\/wp\/v2\/types\/product"}],"wp:featuredmedia":[{"embeddable":true,"href":"https:\/\/www.bau-styl.hu\/epitoanyag\/wp-json\/wp\/v2\/media\/44602"}],"wp:attachment":[{"href":"https:\/\/www.bau-styl.hu\/epitoanyag\/wp-json\/wp\/v2\/media?parent=8258"}],"wp:term":[{"taxonomy":"product_brand","embeddable":true,"href":"https:\/\/www.bau-styl.hu\/epitoanyag\/wp-json\/wp\/v2\/product_brand?post=8258"},{"taxonomy":"product_cat","embeddable":true,"href":"https:\/\/www.bau-styl.hu\/epitoanyag\/wp-json\/wp\/v2\/product_cat?post=8258"},{"taxonomy":"product_tag","embeddable":true,"href":"https:\/\/www.bau-styl.hu\/epitoanyag\/wp-json\/wp\/v2\/product_tag?post=8258"}],"curies":[{"name":"wp","href":"https:\/\/api.w.org\/{rel}","templated":true}]}}