{"id":8260,"date":"2019-10-28T06:51:10","date_gmt":"2019-10-28T04:51:10","guid":{"rendered":"https:\/\/www.bau-styl.hu\/epitoanyag\/termek\/lb-knauf-mm-3-hf30-falazohabarcs-40-kg\/"},"modified":"2026-04-20T12:38:26","modified_gmt":"2026-04-20T10:38:26","slug":"cemix-1303-mm-3-hf30-falazohabarcs-40-kg","status":"publish","type":"product","link":"https:\/\/www.bau-styl.hu\/epitoanyag\/termek\/cemix-1303-mm-3-hf30-falazohabarcs-40-kg\/","title":{"rendered":"Cemix 1303 MM 3 (HF30) Falaz\u00f3habarcs 40 kg"},"content":{"rendered":"","protected":false},"excerpt":{"rendered":"<p>\u00daj \u00e9s r\u00e9gi lak\u00f3\u00e9p\u00fcletek, k\u00f6z\u00e9p\u00fcletek, ipari objektumok falazatainak fel\u00e9p\u00edt\u00e9s\u00e9re szolg\u00e1l\u00f3 \u00e9p\u00edt\u0151elemek (v\u00e1zker\u00e1mia, t\u00e9gla, k\u0151, betonblokk, g\u00e1zbeton, stb.) falaz\u00f3habarcsa. A statikai terveknek megfelel\u0151en, a k\u00fcl\u00f6nb\u00f6z\u0151 terhel\u00e9st\u0151l f\u00fcgg\u0151en tart\u00f3falak, pill\u00e9rek, k\u00e9m\u00e9nyek \u00e9s v\u00e1laszfalak \u00e9p\u00edt\u00e9s\u00e9re haszn\u00e1lhat\u00f3.<br \/>\n&#8211; Cement \u00e9s m\u00e9sz k\u00f6t\u0151anyag\u00fa: k\u00f6nnyen bedolgozhat\u00f3.<br \/>\n&#8211; G\u00e9ppel is feldolgozhat\u00f3: hat\u00e9kony munkav\u00e9gz\u00e9st tesz lehet\u0151v\u00e9.<\/p>\n","protected":false},"featured_media":44478,"template":"","meta":[],"product_brand":[11271],"product_cat":[11327,78,2831,2844],"product_tag":[],"class_list":{"0":"post-8260","1":"product","2":"type-product","3":"status-publish","4":"has-post-thumbnail","6":"product_brand-cemix","7":"product_cat-falazohabarcs-falazathoz","8":"product_cat-falazat","9":"product_cat-zsakos-termek","10":"product_cat-falazohabarcs-zsakos-aru-por-termek","12":"first","13":"instock","14":"taxable","15":"shipping-taxable","16":"purchasable","17":"product-type-simple"},"aioseo_notices":[],"_links":{"self":[{"href":"https:\/\/www.bau-styl.hu\/epitoanyag\/wp-json\/wp\/v2\/product\/8260","targetHints":{"allow":["GET"]}}],"collection":[{"href":"https:\/\/www.bau-styl.hu\/epitoanyag\/wp-json\/wp\/v2\/product"}],"about":[{"href":"https:\/\/www.bau-styl.hu\/epitoanyag\/wp-json\/wp\/v2\/types\/product"}],"wp:featuredmedia":[{"embeddable":true,"href":"https:\/\/www.bau-styl.hu\/epitoanyag\/wp-json\/wp\/v2\/media\/44478"}],"wp:attachment":[{"href":"https:\/\/www.bau-styl.hu\/epitoanyag\/wp-json\/wp\/v2\/media?parent=8260"}],"wp:term":[{"taxonomy":"product_brand","embeddable":true,"href":"https:\/\/www.bau-styl.hu\/epitoanyag\/wp-json\/wp\/v2\/product_brand?post=8260"},{"taxonomy":"product_cat","embeddable":true,"href":"https:\/\/www.bau-styl.hu\/epitoanyag\/wp-json\/wp\/v2\/product_cat?post=8260"},{"taxonomy":"product_tag","embeddable":true,"href":"https:\/\/www.bau-styl.hu\/epitoanyag\/wp-json\/wp\/v2\/product_tag?post=8260"}],"curies":[{"name":"wp","href":"https:\/\/api.w.org\/{rel}","templated":true}]}}