{"id":8270,"date":"2019-10-28T06:51:17","date_gmt":"2019-10-28T06:51:17","guid":{"rendered":"https:\/\/www.bau-styl.hu\/epitoanyag\/termek\/lb-knauf-tiefengrund-melyalapozo-1-l\/"},"modified":"2025-09-17T12:42:24","modified_gmt":"2025-09-17T10:42:24","slug":"cemix-2614-deep-primer-melyalapozo-1-kg","status":"publish","type":"product","link":"https:\/\/www.bau-styl.hu\/epitoanyag\/termek\/cemix-2614-deep-primer-melyalapozo-1-kg\/","title":{"rendered":"Cemix 2614 Deep Primer M\u00e9lyalapoz\u00f3 1 kg"},"content":{"rendered":"","protected":false},"excerpt":{"rendered":"<p>Er\u0151sen nedvsz\u00edv\u00f3 illetve por\u00f3zus fel\u00fcletek nedvsz\u00edv\u00e1s\u00e1nak cs\u00f6kkent\u00e9s\u00e9re.<br \/>\nGipszkarton alap el\u0151k\u00e9sz\u00edt\u00e9s\u00e9re ragaszt\u00e1s, szigetel\u00e9s el\u0151tt.<br \/>\nEl\u00f6regedett por\u00f3zus fel\u00fcletek m\u00e9lys\u00e9gi stabiliz\u00e1l\u00e1s\u00e1ra.<br \/>\n&#8211; Az alapfel\u00fcletet m\u00e9lyen meger\u0151s\u00edt\u0151 nanor\u00e9szecsk\u00e9ket tartalmaz.<br \/>\n&#8211; Bez\u00e1rja a p\u00f3rusokat, megakad\u00e1lyozza az id\u0151 el\u0151tti kisz\u00e1rad\u00e1st, meghosszabb\u00edtva a k\u00f6vetkez\u0151 r\u00e9tegek bedolgozhat\u00f3s\u00e1g\u00e1t.<br \/>\n&#8211; Nagy mennyis\u00e9g\u0171 szerves polimert tartalmaz: j\u00f3l tapad\u00f3 fel\u00fcletet hoz l\u00e9tre a k\u00f6vetkez\u0151 r\u00e9tegek sz\u00e1m\u00e1ra..<br \/>\n&#8211; Alkalmas probl\u00e9m\u00e1s ter\u00fcletek kezel\u00e9s\u00e9re pl. gipszkarton, vegyes anyag\u00fa aljzatok, el\u00f6regedett homlokzatok elt\u00e9r\u0151 nedvsz\u00edv\u00f3, diff\u00fazi\u00f3s vagy h\u0151t\u00e1gul\u00e1si k\u00e9pess\u00e9ggel.<br \/>\n&#8211; Gazdas\u00e1gos: 1:1 ar\u00e1nyban v\u00edzzel h\u00edg\u00edthat\u00f3 az 1. r\u00e9tegben er\u0151sen nedvsz\u00edv\u00f3 aljzatokon.<\/p>\n","protected":false},"featured_media":44592,"template":"","meta":[],"product_brand":[],"product_cat":[129,4072],"product_tag":[10466],"class_list":{"0":"post-8270","1":"product","2":"type-product","3":"status-publish","4":"has-post-thumbnail","6":"product_cat-hidegburkolas","7":"product_cat-alapozo-hidegburkolas","8":"product_tag-cemix","10":"first","11":"instock","12":"taxable","13":"shipping-taxable","14":"purchasable","15":"product-type-simple"},"aioseo_notices":[],"_links":{"self":[{"href":"https:\/\/www.bau-styl.hu\/epitoanyag\/wp-json\/wp\/v2\/product\/8270","targetHints":{"allow":["GET"]}}],"collection":[{"href":"https:\/\/www.bau-styl.hu\/epitoanyag\/wp-json\/wp\/v2\/product"}],"about":[{"href":"https:\/\/www.bau-styl.hu\/epitoanyag\/wp-json\/wp\/v2\/types\/product"}],"wp:featuredmedia":[{"embeddable":true,"href":"https:\/\/www.bau-styl.hu\/epitoanyag\/wp-json\/wp\/v2\/media\/44592"}],"wp:attachment":[{"href":"https:\/\/www.bau-styl.hu\/epitoanyag\/wp-json\/wp\/v2\/media?parent=8270"}],"wp:term":[{"taxonomy":"product_brand","embeddable":true,"href":"https:\/\/www.bau-styl.hu\/epitoanyag\/wp-json\/wp\/v2\/product_brand?post=8270"},{"taxonomy":"product_cat","embeddable":true,"href":"https:\/\/www.bau-styl.hu\/epitoanyag\/wp-json\/wp\/v2\/product_cat?post=8270"},{"taxonomy":"product_tag","embeddable":true,"href":"https:\/\/www.bau-styl.hu\/epitoanyag\/wp-json\/wp\/v2\/product_tag?post=8270"}],"curies":[{"name":"wp","href":"https:\/\/api.w.org\/{rel}","templated":true}]}}