{"id":8279,"date":"2019-10-28T06:51:23","date_gmt":"2019-10-28T06:51:23","guid":{"rendered":"https:\/\/www.bau-styl.hu\/epitoanyag\/termek\/leier-beton-belestest-eb-60-19-60x19x25-cm-60-db-rkl\/"},"modified":"2026-04-20T12:12:44","modified_gmt":"2026-04-20T10:12:44","slug":"leier-beton-belestest-eb-60-19-60x19x25-cm-60-db-rkl","status":"publish","type":"product","link":"https:\/\/www.bau-styl.hu\/epitoanyag\/termek\/leier-beton-belestest-eb-60-19-60x19x25-cm-60-db-rkl\/","title":{"rendered":"Leier Beton B\u00e9l\u00e9stest EB 60\/19 60x19x25 cm (60 db\/rkl)"},"content":{"rendered":"","protected":false},"excerpt":{"rendered":"<p>Leier mesterf\u00f6d\u00e9mhez alkalmazhat\u00f3k.<\/p>\n","protected":false},"featured_media":7515,"template":"","meta":[],"product_brand":[11288],"product_cat":[107,108],"product_tag":[],"class_list":{"0":"post-8279","1":"product","2":"type-product","3":"status-publish","4":"has-post-thumbnail","6":"product_brand-leier","7":"product_cat-fodemrendszer","8":"product_cat-betongerendas-fodemrendszer","10":"first","11":"instock","12":"taxable","13":"shipping-taxable","14":"purchasable","15":"product-type-simple"},"aioseo_notices":[],"_links":{"self":[{"href":"https:\/\/www.bau-styl.hu\/epitoanyag\/wp-json\/wp\/v2\/product\/8279","targetHints":{"allow":["GET"]}}],"collection":[{"href":"https:\/\/www.bau-styl.hu\/epitoanyag\/wp-json\/wp\/v2\/product"}],"about":[{"href":"https:\/\/www.bau-styl.hu\/epitoanyag\/wp-json\/wp\/v2\/types\/product"}],"wp:featuredmedia":[{"embeddable":true,"href":"https:\/\/www.bau-styl.hu\/epitoanyag\/wp-json\/wp\/v2\/media\/7515"}],"wp:attachment":[{"href":"https:\/\/www.bau-styl.hu\/epitoanyag\/wp-json\/wp\/v2\/media?parent=8279"}],"wp:term":[{"taxonomy":"product_brand","embeddable":true,"href":"https:\/\/www.bau-styl.hu\/epitoanyag\/wp-json\/wp\/v2\/product_brand?post=8279"},{"taxonomy":"product_cat","embeddable":true,"href":"https:\/\/www.bau-styl.hu\/epitoanyag\/wp-json\/wp\/v2\/product_cat?post=8279"},{"taxonomy":"product_tag","embeddable":true,"href":"https:\/\/www.bau-styl.hu\/epitoanyag\/wp-json\/wp\/v2\/product_tag?post=8279"}],"curies":[{"name":"wp","href":"https:\/\/api.w.org\/{rel}","templated":true}]}}