{"id":8281,"date":"2019-10-28T06:51:25","date_gmt":"2019-10-28T06:51:25","guid":{"rendered":"https:\/\/www.bau-styl.hu\/epitoanyag\/termek\/leier-beton-pillerzsaluzo-elem-25x25x23-cm-80-db-rkl\/"},"modified":"2026-04-20T12:53:22","modified_gmt":"2026-04-20T10:53:22","slug":"leier-beton-pillerzsaluzo-elem-25x25x23-cm-80-db-rkl","status":"publish","type":"product","link":"https:\/\/www.bau-styl.hu\/epitoanyag\/termek\/leier-beton-pillerzsaluzo-elem-25x25x23-cm-80-db-rkl\/","title":{"rendered":"Leier Beton Pill\u00e9rzsaluz\u00f3 elem 25x25x23 cm (80 db\/rkl)"},"content":{"rendered":"","protected":false},"excerpt":{"rendered":"<p>A Leier beton pill\u00e9rzsaluz\u00f3 elemek kiv\u00e1l\u00f3an alkalmasak ker\u00edt\u00e9spill\u00e9rek l\u00e9tes\u00edt\u00e9s\u00e9re, valamint teherhord\u00f3 pill\u00e9rek kialak\u00edt\u00e1s\u00e1ra.\u00a0Jellemz\u0151i a sz\u00e9p homog\u00e9n fel\u00fclet, gyors be\u00e9p\u00edthet\u0151s\u00e9g.<\/p>\n","protected":false},"featured_media":3083,"template":"","meta":[],"product_brand":[11288],"product_cat":[11332,78],"product_tag":[],"class_list":{"0":"post-8281","1":"product","2":"type-product","3":"status-publish","4":"has-post-thumbnail","6":"product_brand-leier","7":"product_cat-beton-falazat","8":"product_cat-falazat","10":"first","11":"instock","12":"taxable","13":"shipping-taxable","14":"purchasable","15":"product-type-simple"},"aioseo_notices":[],"_links":{"self":[{"href":"https:\/\/www.bau-styl.hu\/epitoanyag\/wp-json\/wp\/v2\/product\/8281","targetHints":{"allow":["GET"]}}],"collection":[{"href":"https:\/\/www.bau-styl.hu\/epitoanyag\/wp-json\/wp\/v2\/product"}],"about":[{"href":"https:\/\/www.bau-styl.hu\/epitoanyag\/wp-json\/wp\/v2\/types\/product"}],"wp:featuredmedia":[{"embeddable":true,"href":"https:\/\/www.bau-styl.hu\/epitoanyag\/wp-json\/wp\/v2\/media\/3083"}],"wp:attachment":[{"href":"https:\/\/www.bau-styl.hu\/epitoanyag\/wp-json\/wp\/v2\/media?parent=8281"}],"wp:term":[{"taxonomy":"product_brand","embeddable":true,"href":"https:\/\/www.bau-styl.hu\/epitoanyag\/wp-json\/wp\/v2\/product_brand?post=8281"},{"taxonomy":"product_cat","embeddable":true,"href":"https:\/\/www.bau-styl.hu\/epitoanyag\/wp-json\/wp\/v2\/product_cat?post=8281"},{"taxonomy":"product_tag","embeddable":true,"href":"https:\/\/www.bau-styl.hu\/epitoanyag\/wp-json\/wp\/v2\/product_tag?post=8281"}],"curies":[{"name":"wp","href":"https:\/\/api.w.org\/{rel}","templated":true}]}}