{"id":8307,"date":"2019-10-28T06:51:43","date_gmt":"2019-10-28T06:51:43","guid":{"rendered":"https:\/\/www.bau-styl.hu\/epitoanyag\/termek\/leier-gaia-brillant-softline-ketoldalon-elkezelt-lepcsolap-homokbeige-60x40x38-cm\/"},"modified":"2026-01-19T21:43:10","modified_gmt":"2026-01-19T19:43:10","slug":"leier-gaia-brillant-softline-ketoldalon-elkezelt-lepcsolap-homokbeige-60x40x38-cm","status":"publish","type":"product","link":"https:\/\/www.bau-styl.hu\/epitoanyag\/termek\/leier-gaia-brillant-softline-ketoldalon-elkezelt-lepcsolap-homokbeige-60x40x38-cm\/","title":{"rendered":"Leier Gaia Brillant Softline k\u00e9toldalon \u00e9lkezelt l\u00e9pcs\u0151lap, homokbeige 60x40x3,8 cm"},"content":{"rendered":"","protected":false},"excerpt":{"rendered":"","protected":false},"featured_media":17463,"template":"","meta":[],"product_brand":[],"product_cat":[168,5044],"product_tag":[],"class_list":{"0":"post-8307","1":"product","2":"type-product","3":"status-publish","4":"has-post-thumbnail","6":"product_cat-kertepites-es-terburkolat","7":"product_cat-kerti-lapok","9":"first","10":"instock","11":"taxable","12":"shipping-taxable","13":"purchasable","14":"product-type-simple"},"aioseo_notices":[],"_links":{"self":[{"href":"https:\/\/www.bau-styl.hu\/epitoanyag\/wp-json\/wp\/v2\/product\/8307","targetHints":{"allow":["GET"]}}],"collection":[{"href":"https:\/\/www.bau-styl.hu\/epitoanyag\/wp-json\/wp\/v2\/product"}],"about":[{"href":"https:\/\/www.bau-styl.hu\/epitoanyag\/wp-json\/wp\/v2\/types\/product"}],"wp:featuredmedia":[{"embeddable":true,"href":"https:\/\/www.bau-styl.hu\/epitoanyag\/wp-json\/wp\/v2\/media\/17463"}],"wp:attachment":[{"href":"https:\/\/www.bau-styl.hu\/epitoanyag\/wp-json\/wp\/v2\/media?parent=8307"}],"wp:term":[{"taxonomy":"product_brand","embeddable":true,"href":"https:\/\/www.bau-styl.hu\/epitoanyag\/wp-json\/wp\/v2\/product_brand?post=8307"},{"taxonomy":"product_cat","embeddable":true,"href":"https:\/\/www.bau-styl.hu\/epitoanyag\/wp-json\/wp\/v2\/product_cat?post=8307"},{"taxonomy":"product_tag","embeddable":true,"href":"https:\/\/www.bau-styl.hu\/epitoanyag\/wp-json\/wp\/v2\/product_tag?post=8307"}],"curies":[{"name":"wp","href":"https:\/\/api.w.org\/{rel}","templated":true}]}}