{"id":8321,"date":"2019-10-28T06:51:52","date_gmt":"2019-10-28T04:51:52","guid":{"rendered":"https:\/\/www.bau-styl.hu\/epitoanyag\/termek\/leier-labazati-kupos-fedlap-finombeton-49x20x4-cm\/"},"modified":"2026-01-19T21:43:11","modified_gmt":"2026-01-19T19:43:11","slug":"leier-labazati-kupos-fedlap-finombeton-49x20x4-cm","status":"publish","type":"product","link":"https:\/\/www.bau-styl.hu\/epitoanyag\/termek\/leier-labazati-kupos-fedlap-finombeton-49x20x4-cm\/","title":{"rendered":"Leier L\u00e1bazati k\u00fapos fedlap finombeton 49x20x4 cm"},"content":{"rendered":"","protected":false},"excerpt":{"rendered":"<p>Finombeton k\u00fapos fedlapok. Szabadon\u00e1ll\u00f3 k\u00fclt\u00e9ri oszlopok, falazatok fed\u00e9s\u00e9hez.<\/p>\n","protected":false},"featured_media":31236,"template":"","meta":[],"product_brand":[],"product_cat":[168,169],"product_tag":[6599],"class_list":{"0":"post-8321","1":"product","2":"type-product","3":"status-publish","4":"has-post-thumbnail","6":"product_cat-kertepites-es-terburkolat","7":"product_cat-kerites-elemek","8":"product_tag-leier","10":"first","11":"instock","12":"taxable","13":"shipping-taxable","14":"purchasable","15":"product-type-simple"},"aioseo_notices":[],"_links":{"self":[{"href":"https:\/\/www.bau-styl.hu\/epitoanyag\/wp-json\/wp\/v2\/product\/8321","targetHints":{"allow":["GET"]}}],"collection":[{"href":"https:\/\/www.bau-styl.hu\/epitoanyag\/wp-json\/wp\/v2\/product"}],"about":[{"href":"https:\/\/www.bau-styl.hu\/epitoanyag\/wp-json\/wp\/v2\/types\/product"}],"wp:featuredmedia":[{"embeddable":true,"href":"https:\/\/www.bau-styl.hu\/epitoanyag\/wp-json\/wp\/v2\/media\/31236"}],"wp:attachment":[{"href":"https:\/\/www.bau-styl.hu\/epitoanyag\/wp-json\/wp\/v2\/media?parent=8321"}],"wp:term":[{"taxonomy":"product_brand","embeddable":true,"href":"https:\/\/www.bau-styl.hu\/epitoanyag\/wp-json\/wp\/v2\/product_brand?post=8321"},{"taxonomy":"product_cat","embeddable":true,"href":"https:\/\/www.bau-styl.hu\/epitoanyag\/wp-json\/wp\/v2\/product_cat?post=8321"},{"taxonomy":"product_tag","embeddable":true,"href":"https:\/\/www.bau-styl.hu\/epitoanyag\/wp-json\/wp\/v2\/product_tag?post=8321"}],"curies":[{"name":"wp","href":"https:\/\/api.w.org\/{rel}","templated":true}]}}