{"id":8330,"date":"2019-10-28T06:51:57","date_gmt":"2019-10-28T04:51:57","guid":{"rendered":"https:\/\/www.bau-styl.hu\/epitoanyag\/termek\/leier-leiertherm-30-nf-tegla-80-db-rkl\/"},"modified":"2026-03-23T15:30:49","modified_gmt":"2026-03-23T13:30:49","slug":"leier-leiertherm-30-nf-tegla-80-db-rkl","status":"publish","type":"product","link":"https:\/\/www.bau-styl.hu\/epitoanyag\/termek\/leier-leiertherm-30-nf-tegla-80-db-rkl\/","title":{"rendered":"Leier Leiertherm 30 N+F T\u00e9gla (80 db\/rkl)"},"content":{"rendered":"","protected":false},"excerpt":{"rendered":"<p>A h\u0151szigetel\u00e9si k\u00f6vetelm\u00e9nyek mellett nincs lehet\u0151s\u00e9g 38 cm vastags\u00e1ggal rendelkez\u0151 falazatot \u00e9p\u00edteni. Teherhord\u00f3 \u00e9s v\u00e1zkit\u00f6lt\u0151 k\u00fcls\u0151 falak \u00e9s bels\u0151 tart\u00f3falak \u00e9p\u00edt\u00e9s\u00e9re alkalmas.<\/p>\n","protected":false},"featured_media":3114,"template":"","meta":[],"product_brand":[],"product_cat":[78,79,4455,5126],"product_tag":[6599],"class_list":{"0":"post-8330","1":"product","2":"type-product","3":"status-publish","4":"has-post-thumbnail","6":"product_cat-falazat","7":"product_cat-keramia-falazat","8":"product_cat-kulso-falazo","9":"product_cat-leier-kulso-falazo","10":"product_tag-leier","12":"first","13":"instock","14":"taxable","15":"shipping-taxable","16":"purchasable","17":"product-type-simple"},"aioseo_notices":[],"_links":{"self":[{"href":"https:\/\/www.bau-styl.hu\/epitoanyag\/wp-json\/wp\/v2\/product\/8330","targetHints":{"allow":["GET"]}}],"collection":[{"href":"https:\/\/www.bau-styl.hu\/epitoanyag\/wp-json\/wp\/v2\/product"}],"about":[{"href":"https:\/\/www.bau-styl.hu\/epitoanyag\/wp-json\/wp\/v2\/types\/product"}],"wp:featuredmedia":[{"embeddable":true,"href":"https:\/\/www.bau-styl.hu\/epitoanyag\/wp-json\/wp\/v2\/media\/3114"}],"wp:attachment":[{"href":"https:\/\/www.bau-styl.hu\/epitoanyag\/wp-json\/wp\/v2\/media?parent=8330"}],"wp:term":[{"taxonomy":"product_brand","embeddable":true,"href":"https:\/\/www.bau-styl.hu\/epitoanyag\/wp-json\/wp\/v2\/product_brand?post=8330"},{"taxonomy":"product_cat","embeddable":true,"href":"https:\/\/www.bau-styl.hu\/epitoanyag\/wp-json\/wp\/v2\/product_cat?post=8330"},{"taxonomy":"product_tag","embeddable":true,"href":"https:\/\/www.bau-styl.hu\/epitoanyag\/wp-json\/wp\/v2\/product_tag?post=8330"}],"curies":[{"name":"wp","href":"https:\/\/api.w.org\/{rel}","templated":true}]}}