{"id":8358,"date":"2019-10-28T06:52:15","date_gmt":"2019-10-28T06:52:15","guid":{"rendered":"https:\/\/www.bau-styl.hu\/epitoanyag\/termek\/leier-modern-keritesko-normal-finomszort-tortfeher-40x20x20-cm\/"},"modified":"2026-04-20T12:12:51","modified_gmt":"2026-04-20T10:12:51","slug":"leier-modern-keritesko-normal-finomszort-tortfeher-40x20x20-cm","status":"publish","type":"product","link":"https:\/\/www.bau-styl.hu\/epitoanyag\/termek\/leier-modern-keritesko-normal-finomszort-tortfeher-40x20x20-cm\/","title":{"rendered":"Leier Modern Ker\u00edt\u00e9sk\u0151 norm\u00e1l finomsz\u00f3rt t\u00f6rtfeh\u00e9r 40x20x20 cm"},"content":{"rendered":"","protected":false},"excerpt":{"rendered":"","protected":false},"featured_media":3140,"template":"","meta":[],"product_brand":[11288],"product_cat":[168,169],"product_tag":[],"class_list":{"0":"post-8358","1":"product","2":"type-product","3":"status-publish","4":"has-post-thumbnail","6":"product_brand-leier","7":"product_cat-kertepites-es-terburkolat","8":"product_cat-keritesek-falazoelemek-tamfalak","10":"first","11":"instock","12":"taxable","13":"shipping-taxable","14":"purchasable","15":"product-type-simple"},"aioseo_notices":[],"_links":{"self":[{"href":"https:\/\/www.bau-styl.hu\/epitoanyag\/wp-json\/wp\/v2\/product\/8358","targetHints":{"allow":["GET"]}}],"collection":[{"href":"https:\/\/www.bau-styl.hu\/epitoanyag\/wp-json\/wp\/v2\/product"}],"about":[{"href":"https:\/\/www.bau-styl.hu\/epitoanyag\/wp-json\/wp\/v2\/types\/product"}],"wp:featuredmedia":[{"embeddable":true,"href":"https:\/\/www.bau-styl.hu\/epitoanyag\/wp-json\/wp\/v2\/media\/3140"}],"wp:attachment":[{"href":"https:\/\/www.bau-styl.hu\/epitoanyag\/wp-json\/wp\/v2\/media?parent=8358"}],"wp:term":[{"taxonomy":"product_brand","embeddable":true,"href":"https:\/\/www.bau-styl.hu\/epitoanyag\/wp-json\/wp\/v2\/product_brand?post=8358"},{"taxonomy":"product_cat","embeddable":true,"href":"https:\/\/www.bau-styl.hu\/epitoanyag\/wp-json\/wp\/v2\/product_cat?post=8358"},{"taxonomy":"product_tag","embeddable":true,"href":"https:\/\/www.bau-styl.hu\/epitoanyag\/wp-json\/wp\/v2\/product_tag?post=8358"}],"curies":[{"name":"wp","href":"https:\/\/api.w.org\/{rel}","templated":true}]}}