{"id":8378,"date":"2019-10-28T08:52:30","date_gmt":"2019-10-28T06:52:30","guid":{"rendered":"https:\/\/www.bau-styl.hu\/epitoanyag\/termek\/leier-piazza-terko-szurke-10x20-cm-6-cm\/"},"modified":"2026-01-19T21:43:10","modified_gmt":"2026-01-19T19:43:10","slug":"leier-piazza-terko-szurke-10x20-cm-6-cm","status":"publish","type":"product","link":"https:\/\/www.bau-styl.hu\/epitoanyag\/termek\/leier-piazza-terko-szurke-10x20-cm-6-cm\/","title":{"rendered":"Leier Piazza T\u00e9rk\u0151 sz\u00fcrke 10&#215;20 cm 6 cm"},"content":{"rendered":"<p><strong>Aj\u00e1nlhatunk hozz\u00e1 m\u00e1st is?<\/strong><\/p>\n<p><span style=\"text-decoration: underline;\"><a href=\"https:\/\/www.bau-styl.hu\/epitoanyag\/termek\/lb-knauf-kvarchomok-0-06-mm-40-kg\/\">Cemix Kvarchomok 0-0,6 mm 40 kg<\/a><\/span><br \/>\n<span style=\"text-decoration: underline;\"><a href=\"https:\/\/www.bau-styl.hu\/epitoanyag\/termek\/murva-0-20\/\">Murva 0-20Murva 0-20 \/ tonna<\/a><\/span><br \/>\n<span style=\"text-decoration: underline;\"><a href=\"https:\/\/www.bau-styl.hu\/epitoanyag\/termek\/murva-12-20\/\">Murva 12-20<\/a><\/span><br \/>\n<span style=\"text-decoration: underline;\"><a href=\"https:\/\/www.bau-styl.hu\/epitoanyag\/termek\/homok-0-4\/\">Homok 0-4 \/ tonna<\/a><\/span><\/p>\n","protected":false},"excerpt":{"rendered":"<p>A sz\u00e9les m\u00e9retv\u00e1laszt\u00e9k gazdag lerak\u00e1si mintavari\u00e1ci\u00f3kat eredm\u00e9nyez. A h\u00e1rom k\u0151forma kombin\u00e1l\u00e1s\u00e1val k\u00fcl\u00f6nb\u00f6z\u0151 burkolatmint\u00e1k kialak\u00edt\u00e1s\u00e1t teszi lehet\u0151v\u00e9. A rejtett t\u00e1vtart\u00f3knak k\u00f6sz\u00f6nhet\u0151en egyszer\u0171 be\u00e9p\u00edt\u00e9s. Teheraut\u00f3s forgalomra (10\u00d720\u00d78 cm k\u0151), illetve szem\u00e9lyaut\u00f3s forgalomra.<\/p>\n","protected":false},"featured_media":31422,"template":"","meta":[],"product_brand":[],"product_cat":[168,175,181],"product_tag":[6599],"class_list":{"0":"post-8378","1":"product","2":"type-product","3":"status-publish","4":"has-post-thumbnail","6":"product_cat-kertepites-es-terburkolat","7":"product_cat-terkovek","8":"product_cat-leier-terko-kiegeszito","9":"product_tag-leier","11":"first","12":"instock","13":"taxable","14":"shipping-taxable","15":"purchasable","16":"product-type-simple"},"aioseo_notices":[],"_links":{"self":[{"href":"https:\/\/www.bau-styl.hu\/epitoanyag\/wp-json\/wp\/v2\/product\/8378","targetHints":{"allow":["GET"]}}],"collection":[{"href":"https:\/\/www.bau-styl.hu\/epitoanyag\/wp-json\/wp\/v2\/product"}],"about":[{"href":"https:\/\/www.bau-styl.hu\/epitoanyag\/wp-json\/wp\/v2\/types\/product"}],"wp:featuredmedia":[{"embeddable":true,"href":"https:\/\/www.bau-styl.hu\/epitoanyag\/wp-json\/wp\/v2\/media\/31422"}],"wp:attachment":[{"href":"https:\/\/www.bau-styl.hu\/epitoanyag\/wp-json\/wp\/v2\/media?parent=8378"}],"wp:term":[{"taxonomy":"product_brand","embeddable":true,"href":"https:\/\/www.bau-styl.hu\/epitoanyag\/wp-json\/wp\/v2\/product_brand?post=8378"},{"taxonomy":"product_cat","embeddable":true,"href":"https:\/\/www.bau-styl.hu\/epitoanyag\/wp-json\/wp\/v2\/product_cat?post=8378"},{"taxonomy":"product_tag","embeddable":true,"href":"https:\/\/www.bau-styl.hu\/epitoanyag\/wp-json\/wp\/v2\/product_tag?post=8378"}],"curies":[{"name":"wp","href":"https:\/\/api.w.org\/{rel}","templated":true}]}}