{"id":8382,"date":"2019-10-28T06:52:33","date_gmt":"2019-10-28T06:52:33","guid":{"rendered":"https:\/\/www.bau-styl.hu\/epitoanyag\/termek\/leier-piller-kupos-fedlap-finombeton-35x35x4-cm\/"},"modified":"2026-04-20T12:12:52","modified_gmt":"2026-04-20T10:12:52","slug":"leier-piller-kupos-fedlap-finombeton-35x35x4-cm","status":"publish","type":"product","link":"https:\/\/www.bau-styl.hu\/epitoanyag\/termek\/leier-piller-kupos-fedlap-finombeton-35x35x4-cm\/","title":{"rendered":"Leier Pill\u00e9r k\u00fapos fedlap finombeton 35x35x4 cm"},"content":{"rendered":"","protected":false},"excerpt":{"rendered":"<p>Finombeton k\u00fapos fedlapok. Szabadon\u00e1ll\u00f3 k\u00fclt\u00e9ri oszlopok, falazatok fed\u00e9s\u00e9hez.<\/p>\n","protected":false},"featured_media":7545,"template":"","meta":[],"product_brand":[11288],"product_cat":[168,169],"product_tag":[],"class_list":{"0":"post-8382","1":"product","2":"type-product","3":"status-publish","4":"has-post-thumbnail","6":"product_brand-leier","7":"product_cat-kertepites-es-terburkolat","8":"product_cat-keritesek-falazoelemek-tamfalak","10":"first","11":"instock","12":"taxable","13":"shipping-taxable","14":"purchasable","15":"product-type-simple"},"aioseo_notices":[],"_links":{"self":[{"href":"https:\/\/www.bau-styl.hu\/epitoanyag\/wp-json\/wp\/v2\/product\/8382","targetHints":{"allow":["GET"]}}],"collection":[{"href":"https:\/\/www.bau-styl.hu\/epitoanyag\/wp-json\/wp\/v2\/product"}],"about":[{"href":"https:\/\/www.bau-styl.hu\/epitoanyag\/wp-json\/wp\/v2\/types\/product"}],"wp:featuredmedia":[{"embeddable":true,"href":"https:\/\/www.bau-styl.hu\/epitoanyag\/wp-json\/wp\/v2\/media\/7545"}],"wp:attachment":[{"href":"https:\/\/www.bau-styl.hu\/epitoanyag\/wp-json\/wp\/v2\/media?parent=8382"}],"wp:term":[{"taxonomy":"product_brand","embeddable":true,"href":"https:\/\/www.bau-styl.hu\/epitoanyag\/wp-json\/wp\/v2\/product_brand?post=8382"},{"taxonomy":"product_cat","embeddable":true,"href":"https:\/\/www.bau-styl.hu\/epitoanyag\/wp-json\/wp\/v2\/product_cat?post=8382"},{"taxonomy":"product_tag","embeddable":true,"href":"https:\/\/www.bau-styl.hu\/epitoanyag\/wp-json\/wp\/v2\/product_tag?post=8382"}],"curies":[{"name":"wp","href":"https:\/\/api.w.org\/{rel}","templated":true}]}}