{"id":8396,"date":"2019-10-28T06:52:41","date_gmt":"2019-10-28T04:52:41","guid":{"rendered":"https:\/\/www.bau-styl.hu\/epitoanyag\/termek\/leier-taverna-kombi-terko-macchiato-melirozott-6-cm\/"},"modified":"2026-01-19T21:43:02","modified_gmt":"2026-01-19T19:43:02","slug":"leier-taverna-kombi-terko-macchiato-melirozott-6-cm","status":"publish","type":"product","link":"https:\/\/www.bau-styl.hu\/epitoanyag\/termek\/leier-taverna-kombi-terko-macchiato-melirozott-6-cm\/","title":{"rendered":"Leier Taverna Kombi t\u00e9rk\u0151 macchiato mel\u00edrozott 6 cm"},"content":{"rendered":"","protected":false},"excerpt":{"rendered":"<p>A t\u00e9rk\u0151 stabil fel\u00fclete \u00e9s sz\u0171k fug\u00e1i garant\u00e1lj\u00e1k a burkolt fel\u00fclet biztons\u00e1gos haszn\u00e1lat\u00e1t. Kombin\u00e1lt m\u00e9retekb\u0151l k\u00e9sz\u00fclt csomagol\u00e1s. A t\u00e9rk\u0151 minden egyes n\u00e9gyzetm\u00e9tere tartalmazza a h\u00e1rom k\u00fcl\u00f6nb\u00f6z\u0151 m\u00e9ret\u0171 elemet. Kvarchomok kop\u00f3r\u00e9teggel k\u00e9sz\u00fcl. N F kialak\u00edt\u00e1s\u00fa t\u00e1vtart\u00f3 elemek. Szem\u00e9lyaut\u00f3s forgalomra.<\/p>\n","protected":false},"featured_media":7554,"template":"","meta":[],"product_brand":[],"product_cat":[168,175,181],"product_tag":[10411],"class_list":{"0":"post-8396","1":"product","2":"type-product","3":"status-publish","4":"has-post-thumbnail","6":"product_cat-kertepites-es-terburkolat","7":"product_cat-terkovek","8":"product_cat-leier-terko-kiegeszito","9":"product_tag-taverna","11":"first","12":"instock","13":"taxable","14":"shipping-taxable","15":"purchasable","16":"product-type-simple"},"aioseo_notices":[],"_links":{"self":[{"href":"https:\/\/www.bau-styl.hu\/epitoanyag\/wp-json\/wp\/v2\/product\/8396","targetHints":{"allow":["GET"]}}],"collection":[{"href":"https:\/\/www.bau-styl.hu\/epitoanyag\/wp-json\/wp\/v2\/product"}],"about":[{"href":"https:\/\/www.bau-styl.hu\/epitoanyag\/wp-json\/wp\/v2\/types\/product"}],"wp:featuredmedia":[{"embeddable":true,"href":"https:\/\/www.bau-styl.hu\/epitoanyag\/wp-json\/wp\/v2\/media\/7554"}],"wp:attachment":[{"href":"https:\/\/www.bau-styl.hu\/epitoanyag\/wp-json\/wp\/v2\/media?parent=8396"}],"wp:term":[{"taxonomy":"product_brand","embeddable":true,"href":"https:\/\/www.bau-styl.hu\/epitoanyag\/wp-json\/wp\/v2\/product_brand?post=8396"},{"taxonomy":"product_cat","embeddable":true,"href":"https:\/\/www.bau-styl.hu\/epitoanyag\/wp-json\/wp\/v2\/product_cat?post=8396"},{"taxonomy":"product_tag","embeddable":true,"href":"https:\/\/www.bau-styl.hu\/epitoanyag\/wp-json\/wp\/v2\/product_tag?post=8396"}],"curies":[{"name":"wp","href":"https:\/\/api.w.org\/{rel}","templated":true}]}}