{"id":8402,"date":"2023-03-01T15:08:11","date_gmt":"2023-03-01T13:08:11","guid":{"rendered":"https:\/\/www.bau-styl.hu\/epitoanyag\/termek\/leier-toscana-alapcserep-mogyoro\/"},"modified":"2025-04-25T21:25:49","modified_gmt":"2025-04-25T19:25:49","slug":"leier-toscana-classic-alapcserep-mogyoro","status":"publish","type":"product","link":"https:\/\/www.bau-styl.hu\/epitoanyag\/termek\/leier-toscana-classic-alapcserep-mogyoro\/","title":{"rendered":"Leier Toscana Classic Alapcser\u00e9p mogyor\u00f3"},"content":{"rendered":"","protected":false},"excerpt":{"rendered":"<p>Az alapcser\u00e9p mell\u00e9 opcion\u00e1lis term\u00e9kek, idomcserepek (szell\u0151z\u0151cser\u00e9p, f\u00e9lcser\u00e9p, szeg\u00e9lycser\u00e9p, k\u00fapcser\u00e9p, eloszt\u00f3 k\u00fapcser\u00e9p, kezd\u0151 k\u00fapcser\u00e9p) k\u00f6z\u00fcl v\u00e1laszthat, amelyek \u00e1rair\u00f3l az aj\u00e1nlatk\u00e9r\u00e9s lead\u00e1s\u00e1t k\u00f6vet\u0151en munkat\u00e1rsunk emailben t\u00e1j\u00e9koztatja \u00d6nt.<\/p>\n","protected":false},"featured_media":11871,"template":"","meta":[],"product_brand":[],"product_cat":[355,6654,6661],"product_tag":[6599],"class_list":{"0":"post-8402","1":"product","2":"type-product","3":"status-publish","4":"has-post-thumbnail","6":"product_cat-tetofedes","7":"product_cat-beton-cserep","8":"product_cat-leier-beton-alapcserep","9":"product_tag-leier","11":"first","12":"instock","13":"taxable","14":"shipping-taxable","15":"purchasable","16":"product-type-simple"},"aioseo_notices":[],"_links":{"self":[{"href":"https:\/\/www.bau-styl.hu\/epitoanyag\/wp-json\/wp\/v2\/product\/8402","targetHints":{"allow":["GET"]}}],"collection":[{"href":"https:\/\/www.bau-styl.hu\/epitoanyag\/wp-json\/wp\/v2\/product"}],"about":[{"href":"https:\/\/www.bau-styl.hu\/epitoanyag\/wp-json\/wp\/v2\/types\/product"}],"wp:featuredmedia":[{"embeddable":true,"href":"https:\/\/www.bau-styl.hu\/epitoanyag\/wp-json\/wp\/v2\/media\/11871"}],"wp:attachment":[{"href":"https:\/\/www.bau-styl.hu\/epitoanyag\/wp-json\/wp\/v2\/media?parent=8402"}],"wp:term":[{"taxonomy":"product_brand","embeddable":true,"href":"https:\/\/www.bau-styl.hu\/epitoanyag\/wp-json\/wp\/v2\/product_brand?post=8402"},{"taxonomy":"product_cat","embeddable":true,"href":"https:\/\/www.bau-styl.hu\/epitoanyag\/wp-json\/wp\/v2\/product_cat?post=8402"},{"taxonomy":"product_tag","embeddable":true,"href":"https:\/\/www.bau-styl.hu\/epitoanyag\/wp-json\/wp\/v2\/product_tag?post=8402"}],"curies":[{"name":"wp","href":"https:\/\/api.w.org\/{rel}","templated":true}]}}