{"id":8444,"date":"2019-10-28T06:53:21","date_gmt":"2019-10-28T06:53:21","guid":{"rendered":"https:\/\/www.bau-styl.hu\/epitoanyag\/termek\/makita-gyemanttarcsa-115-mm-diamak-folyamatos\/"},"modified":"2024-01-15T21:16:58","modified_gmt":"2024-01-15T19:16:58","slug":"makita-gyemanttarcsa-115-mm-diamak-folyamatos","status":"publish","type":"product","link":"https:\/\/www.bau-styl.hu\/epitoanyag\/termek\/makita-gyemanttarcsa-115-mm-diamak-folyamatos\/","title":{"rendered":"Makita Gy\u00e9m\u00e1ntt\u00e1rcsa 115 mm Diamak folyamatos"},"content":{"rendered":"","protected":false},"excerpt":{"rendered":"","protected":false},"featured_media":31424,"template":"","meta":[],"product_brand":[],"product_cat":[261,6638],"product_tag":[],"class_list":{"0":"post-8444","1":"product","2":"type-product","3":"status-publish","4":"has-post-thumbnail","6":"product_cat-barkacs-szerszam-es-munkavedelem","7":"product_cat-kezi-szerszam","9":"first","10":"instock","11":"taxable","12":"shipping-taxable","13":"purchasable","14":"product-type-simple"},"aioseo_notices":[],"_links":{"self":[{"href":"https:\/\/www.bau-styl.hu\/epitoanyag\/wp-json\/wp\/v2\/product\/8444","targetHints":{"allow":["GET"]}}],"collection":[{"href":"https:\/\/www.bau-styl.hu\/epitoanyag\/wp-json\/wp\/v2\/product"}],"about":[{"href":"https:\/\/www.bau-styl.hu\/epitoanyag\/wp-json\/wp\/v2\/types\/product"}],"wp:featuredmedia":[{"embeddable":true,"href":"https:\/\/www.bau-styl.hu\/epitoanyag\/wp-json\/wp\/v2\/media\/31424"}],"wp:attachment":[{"href":"https:\/\/www.bau-styl.hu\/epitoanyag\/wp-json\/wp\/v2\/media?parent=8444"}],"wp:term":[{"taxonomy":"product_brand","embeddable":true,"href":"https:\/\/www.bau-styl.hu\/epitoanyag\/wp-json\/wp\/v2\/product_brand?post=8444"},{"taxonomy":"product_cat","embeddable":true,"href":"https:\/\/www.bau-styl.hu\/epitoanyag\/wp-json\/wp\/v2\/product_cat?post=8444"},{"taxonomy":"product_tag","embeddable":true,"href":"https:\/\/www.bau-styl.hu\/epitoanyag\/wp-json\/wp\/v2\/product_tag?post=8444"}],"curies":[{"name":"wp","href":"https:\/\/api.w.org\/{rel}","templated":true}]}}