{"id":8526,"date":"2019-10-28T06:54:07","date_gmt":"2019-10-28T06:54:07","guid":{"rendered":"https:\/\/www.bau-styl.hu\/epitoanyag\/termek\/menetesszar-m12-es-natur\/"},"modified":"2024-05-16T12:50:11","modified_gmt":"2024-05-16T10:50:11","slug":"menetesszar-m12-es-natur","status":"publish","type":"product","link":"https:\/\/www.bau-styl.hu\/epitoanyag\/termek\/menetesszar-m12-es-natur\/","title":{"rendered":"Menetessz\u00e1r M12-es (natur)"},"content":{"rendered":"","protected":false},"excerpt":{"rendered":"<p>\u00c1ltal\u00e1ban egy olyan henger alak\u00fa f\u00e9m r\u00fad, amelynek fel\u00fclete r\u00e9szben vagy teljes eg\u00e9sz\u00e9ben menetes. Egyfajta fej n\u00e9lk\u00fcli csavark\u00e9nt any\u00e1val \u00e9s al\u00e1t\u00e9ttel haszn\u00e1lhat\u00f3.<\/p>\n","protected":false},"featured_media":7480,"template":"","meta":[],"product_brand":[],"product_cat":[355,445,448,261,4071,6640],"product_tag":[],"class_list":{"0":"post-8526","1":"product","2":"type-product","3":"status-publish","4":"has-post-thumbnail","6":"product_cat-tetofedes","7":"product_cat-tetotartozek","8":"product_cat-szerkezeti-kotoanyag","9":"product_cat-barkacs-szerszam-es-munkavedelem","10":"product_cat-kotoanyag","11":"product_cat-szerkezeti-kotoanyag-kotoanyag","13":"first","14":"instock","15":"taxable","16":"shipping-taxable","17":"purchasable","18":"product-type-simple"},"aioseo_notices":[],"_links":{"self":[{"href":"https:\/\/www.bau-styl.hu\/epitoanyag\/wp-json\/wp\/v2\/product\/8526","targetHints":{"allow":["GET"]}}],"collection":[{"href":"https:\/\/www.bau-styl.hu\/epitoanyag\/wp-json\/wp\/v2\/product"}],"about":[{"href":"https:\/\/www.bau-styl.hu\/epitoanyag\/wp-json\/wp\/v2\/types\/product"}],"wp:featuredmedia":[{"embeddable":true,"href":"https:\/\/www.bau-styl.hu\/epitoanyag\/wp-json\/wp\/v2\/media\/7480"}],"wp:attachment":[{"href":"https:\/\/www.bau-styl.hu\/epitoanyag\/wp-json\/wp\/v2\/media?parent=8526"}],"wp:term":[{"taxonomy":"product_brand","embeddable":true,"href":"https:\/\/www.bau-styl.hu\/epitoanyag\/wp-json\/wp\/v2\/product_brand?post=8526"},{"taxonomy":"product_cat","embeddable":true,"href":"https:\/\/www.bau-styl.hu\/epitoanyag\/wp-json\/wp\/v2\/product_cat?post=8526"},{"taxonomy":"product_tag","embeddable":true,"href":"https:\/\/www.bau-styl.hu\/epitoanyag\/wp-json\/wp\/v2\/product_tag?post=8526"}],"curies":[{"name":"wp","href":"https:\/\/api.w.org\/{rel}","templated":true}]}}