{"id":8528,"date":"2019-10-28T06:54:08","date_gmt":"2019-10-28T04:54:08","guid":{"rendered":"https:\/\/www.bau-styl.hu\/epitoanyag\/termek\/menetesszar-m16-es-horganyzott\/"},"modified":"2026-04-20T18:41:01","modified_gmt":"2026-04-20T16:41:01","slug":"menetesszar-m16-es-horganyzott","status":"publish","type":"product","link":"https:\/\/www.bau-styl.hu\/epitoanyag\/termek\/menetesszar-m16-es-horganyzott\/","title":{"rendered":"Menetessz\u00e1r M16-es horganyzott"},"content":{"rendered":"","protected":false},"excerpt":{"rendered":"<p>\u00c1ltal\u00e1ban egy olyan henger alak\u00fa f\u00e9m r\u00fad, amelynek fel\u00fclete r\u00e9szben vagy teljes eg\u00e9sz\u00e9ben menetes. Egyfajta fej n\u00e9lk\u00fcli csavark\u00e9nt any\u00e1val \u00e9s al\u00e1t\u00e9ttel haszn\u00e1lhat\u00f3.<\/p>\n","protected":false},"featured_media":7485,"template":"","meta":[],"product_brand":[],"product_cat":[11367,65,70,261],"product_tag":[],"class_list":{"0":"post-8528","1":"product","2":"type-product","3":"status-publish","4":"has-post-thumbnail","6":"product_cat-szerkezeti-kotoanyagok","7":"product_cat-faanyag","8":"product_cat-szerkezetikotoanyag","9":"product_cat-barkacs-szerszam-es-munkavedelem","11":"first","12":"instock","13":"taxable","14":"shipping-taxable","15":"purchasable","16":"product-type-simple"},"aioseo_notices":[],"_links":{"self":[{"href":"https:\/\/www.bau-styl.hu\/epitoanyag\/wp-json\/wp\/v2\/product\/8528","targetHints":{"allow":["GET"]}}],"collection":[{"href":"https:\/\/www.bau-styl.hu\/epitoanyag\/wp-json\/wp\/v2\/product"}],"about":[{"href":"https:\/\/www.bau-styl.hu\/epitoanyag\/wp-json\/wp\/v2\/types\/product"}],"wp:featuredmedia":[{"embeddable":true,"href":"https:\/\/www.bau-styl.hu\/epitoanyag\/wp-json\/wp\/v2\/media\/7485"}],"wp:attachment":[{"href":"https:\/\/www.bau-styl.hu\/epitoanyag\/wp-json\/wp\/v2\/media?parent=8528"}],"wp:term":[{"taxonomy":"product_brand","embeddable":true,"href":"https:\/\/www.bau-styl.hu\/epitoanyag\/wp-json\/wp\/v2\/product_brand?post=8528"},{"taxonomy":"product_cat","embeddable":true,"href":"https:\/\/www.bau-styl.hu\/epitoanyag\/wp-json\/wp\/v2\/product_cat?post=8528"},{"taxonomy":"product_tag","embeddable":true,"href":"https:\/\/www.bau-styl.hu\/epitoanyag\/wp-json\/wp\/v2\/product_tag?post=8528"}],"curies":[{"name":"wp","href":"https:\/\/api.w.org\/{rel}","templated":true}]}}