{"id":8532,"date":"2019-10-28T06:54:11","date_gmt":"2019-10-28T06:54:11","guid":{"rendered":"https:\/\/www.bau-styl.hu\/epitoanyag\/termek\/micro-por-meszpotlo-folyadek-1-l\/"},"modified":"2025-06-24T21:48:58","modified_gmt":"2025-06-24T19:48:58","slug":"ibs-micro-por-plusz-meszhelyettesito-adalekanyag-1-l","status":"publish","type":"product","link":"https:\/\/www.bau-styl.hu\/epitoanyag\/termek\/ibs-micro-por-plusz-meszhelyettesito-adalekanyag-1-l\/","title":{"rendered":"IBS Micro-Por Plusz M\u00e9szhelyettes\u00edt\u0151 adal\u00e9kanyag 1 l"},"content":{"rendered":"","protected":false},"excerpt":{"rendered":"","protected":false},"featured_media":7450,"template":"","meta":[],"product_brand":[],"product_cat":[261,4071,59],"product_tag":[],"class_list":{"0":"post-8532","1":"product","2":"type-product","3":"status-publish","4":"has-post-thumbnail","6":"product_cat-barkacs-szerszam-es-munkavedelem","7":"product_cat-kotoanyag","8":"product_cat-kemikalia","10":"first","11":"instock","12":"taxable","13":"shipping-taxable","14":"purchasable","15":"product-type-simple"},"aioseo_notices":[],"_links":{"self":[{"href":"https:\/\/www.bau-styl.hu\/epitoanyag\/wp-json\/wp\/v2\/product\/8532","targetHints":{"allow":["GET"]}}],"collection":[{"href":"https:\/\/www.bau-styl.hu\/epitoanyag\/wp-json\/wp\/v2\/product"}],"about":[{"href":"https:\/\/www.bau-styl.hu\/epitoanyag\/wp-json\/wp\/v2\/types\/product"}],"wp:featuredmedia":[{"embeddable":true,"href":"https:\/\/www.bau-styl.hu\/epitoanyag\/wp-json\/wp\/v2\/media\/7450"}],"wp:attachment":[{"href":"https:\/\/www.bau-styl.hu\/epitoanyag\/wp-json\/wp\/v2\/media?parent=8532"}],"wp:term":[{"taxonomy":"product_brand","embeddable":true,"href":"https:\/\/www.bau-styl.hu\/epitoanyag\/wp-json\/wp\/v2\/product_brand?post=8532"},{"taxonomy":"product_cat","embeddable":true,"href":"https:\/\/www.bau-styl.hu\/epitoanyag\/wp-json\/wp\/v2\/product_cat?post=8532"},{"taxonomy":"product_tag","embeddable":true,"href":"https:\/\/www.bau-styl.hu\/epitoanyag\/wp-json\/wp\/v2\/product_tag?post=8532"}],"curies":[{"name":"wp","href":"https:\/\/api.w.org\/{rel}","templated":true}]}}