{"id":8542,"date":"2019-10-28T06:54:16","date_gmt":"2019-10-28T06:54:16","guid":{"rendered":"https:\/\/www.bau-styl.hu\/epitoanyag\/termek\/mp-direktfuggeszto-60x125-mm\/"},"modified":"2021-10-12T15:43:43","modified_gmt":"2021-10-12T13:43:43","slug":"mp-direktfuggeszto-60x125-mm","status":"publish","type":"product","link":"https:\/\/www.bau-styl.hu\/epitoanyag\/termek\/mp-direktfuggeszto-60x125-mm\/","title":{"rendered":"MP Direktf\u00fcggeszt\u0151 60&#215;125 mm"},"content":{"rendered":"","protected":false},"excerpt":{"rendered":"<p>\u00c1lmennyezet, valamint v\u00edzszintes tet\u0151t\u00e9ri burkolatok k\u00e9sz\u00edt\u00e9s\u00e9re.<\/p>\n","protected":false},"featured_media":2537,"template":"","meta":[],"product_brand":[],"product_cat":[120,122],"product_tag":[],"class_list":{"0":"post-8542","1":"product","2":"type-product","3":"status-publish","4":"has-post-thumbnail","6":"product_cat-szarazepiteszet","7":"product_cat-gipszkarton-tartozek","9":"first","10":"instock","11":"taxable","12":"shipping-taxable","13":"purchasable","14":"product-type-simple"},"aioseo_notices":[],"_links":{"self":[{"href":"https:\/\/www.bau-styl.hu\/epitoanyag\/wp-json\/wp\/v2\/product\/8542","targetHints":{"allow":["GET"]}}],"collection":[{"href":"https:\/\/www.bau-styl.hu\/epitoanyag\/wp-json\/wp\/v2\/product"}],"about":[{"href":"https:\/\/www.bau-styl.hu\/epitoanyag\/wp-json\/wp\/v2\/types\/product"}],"wp:featuredmedia":[{"embeddable":true,"href":"https:\/\/www.bau-styl.hu\/epitoanyag\/wp-json\/wp\/v2\/media\/2537"}],"wp:attachment":[{"href":"https:\/\/www.bau-styl.hu\/epitoanyag\/wp-json\/wp\/v2\/media?parent=8542"}],"wp:term":[{"taxonomy":"product_brand","embeddable":true,"href":"https:\/\/www.bau-styl.hu\/epitoanyag\/wp-json\/wp\/v2\/product_brand?post=8542"},{"taxonomy":"product_cat","embeddable":true,"href":"https:\/\/www.bau-styl.hu\/epitoanyag\/wp-json\/wp\/v2\/product_cat?post=8542"},{"taxonomy":"product_tag","embeddable":true,"href":"https:\/\/www.bau-styl.hu\/epitoanyag\/wp-json\/wp\/v2\/product_tag?post=8542"}],"curies":[{"name":"wp","href":"https:\/\/api.w.org\/{rel}","templated":true}]}}