{"id":8546,"date":"2019-10-28T08:54:20","date_gmt":"2019-10-28T06:54:20","guid":{"rendered":"https:\/\/www.bau-styl.hu\/epitoanyag\/termek\/mp-gyorscsavar-fem-bordahoz-35x55-mm-500-db-doboz\/"},"modified":"2024-05-30T14:14:50","modified_gmt":"2024-05-30T12:14:50","slug":"mp-gyorscsavar-fem-bordahoz-35x55-mm-500-db-doboz","status":"publish","type":"product","link":"https:\/\/www.bau-styl.hu\/epitoanyag\/termek\/mp-gyorscsavar-fem-bordahoz-35x55-mm-500-db-doboz\/","title":{"rendered":"DK Profix S\u0171r\u0171menetes \u00f6nmetsz\u0151 gipszkartoncsavar f\u00e9mhez 3,5&#215;55 mm (500db\/dob)"},"content":{"rendered":"","protected":false},"excerpt":{"rendered":"","protected":false},"featured_media":2538,"template":"","meta":[],"product_brand":[],"product_cat":[120,122],"product_tag":[],"class_list":{"0":"post-8546","1":"product","2":"type-product","3":"status-publish","4":"has-post-thumbnail","6":"product_cat-szarazepiteszet","7":"product_cat-gipszkarton-tartozek","9":"first","10":"instock","11":"taxable","12":"shipping-taxable","13":"purchasable","14":"product-type-simple"},"aioseo_notices":[],"_links":{"self":[{"href":"https:\/\/www.bau-styl.hu\/epitoanyag\/wp-json\/wp\/v2\/product\/8546","targetHints":{"allow":["GET"]}}],"collection":[{"href":"https:\/\/www.bau-styl.hu\/epitoanyag\/wp-json\/wp\/v2\/product"}],"about":[{"href":"https:\/\/www.bau-styl.hu\/epitoanyag\/wp-json\/wp\/v2\/types\/product"}],"wp:featuredmedia":[{"embeddable":true,"href":"https:\/\/www.bau-styl.hu\/epitoanyag\/wp-json\/wp\/v2\/media\/2538"}],"wp:attachment":[{"href":"https:\/\/www.bau-styl.hu\/epitoanyag\/wp-json\/wp\/v2\/media?parent=8546"}],"wp:term":[{"taxonomy":"product_brand","embeddable":true,"href":"https:\/\/www.bau-styl.hu\/epitoanyag\/wp-json\/wp\/v2\/product_brand?post=8546"},{"taxonomy":"product_cat","embeddable":true,"href":"https:\/\/www.bau-styl.hu\/epitoanyag\/wp-json\/wp\/v2\/product_cat?post=8546"},{"taxonomy":"product_tag","embeddable":true,"href":"https:\/\/www.bau-styl.hu\/epitoanyag\/wp-json\/wp\/v2\/product_tag?post=8546"}],"curies":[{"name":"wp","href":"https:\/\/api.w.org\/{rel}","templated":true}]}}