{"id":8569,"date":"2019-10-28T06:54:34","date_gmt":"2019-10-28T04:54:34","guid":{"rendered":"https:\/\/www.bau-styl.hu\/epitoanyag\/termek\/mp-masternet-classic-uvegszovethalo-160-g-feher-1x50-m\/"},"modified":"2024-01-15T21:17:23","modified_gmt":"2024-01-15T19:17:23","slug":"mp-masternet-classic-uvegszovethalo-160-g-feher-1x50-m","status":"publish","type":"product","link":"https:\/\/www.bau-styl.hu\/epitoanyag\/termek\/mp-masternet-classic-uvegszovethalo-160-g-feher-1x50-m\/","title":{"rendered":"MP Masternet Classic \u00dcvegsz\u00f6veth\u00e1l\u00f3 160 g feh\u00e9r 1&#215;50 m"},"content":{"rendered":"","protected":false},"excerpt":{"rendered":"<p>Bevonati szigetel\u00e9sek \u00e9s homlokzati h\u0151szigetel\u0151 rendszerek fel\u00fcleter\u0151s\u00edt\u0151 h\u00e1l\u00f3ja.<\/p>\n","protected":false},"featured_media":30716,"template":"","meta":[],"product_brand":[],"product_cat":[301,309],"product_tag":[],"class_list":{"0":"post-8569","1":"product","2":"type-product","3":"status-publish","4":"has-post-thumbnail","6":"product_cat-ho-es-hangszigeteles","7":"product_cat-rendszer-tartozek","9":"first","10":"instock","11":"taxable","12":"shipping-taxable","13":"purchasable","14":"product-type-simple"},"aioseo_notices":[],"_links":{"self":[{"href":"https:\/\/www.bau-styl.hu\/epitoanyag\/wp-json\/wp\/v2\/product\/8569","targetHints":{"allow":["GET"]}}],"collection":[{"href":"https:\/\/www.bau-styl.hu\/epitoanyag\/wp-json\/wp\/v2\/product"}],"about":[{"href":"https:\/\/www.bau-styl.hu\/epitoanyag\/wp-json\/wp\/v2\/types\/product"}],"wp:featuredmedia":[{"embeddable":true,"href":"https:\/\/www.bau-styl.hu\/epitoanyag\/wp-json\/wp\/v2\/media\/30716"}],"wp:attachment":[{"href":"https:\/\/www.bau-styl.hu\/epitoanyag\/wp-json\/wp\/v2\/media?parent=8569"}],"wp:term":[{"taxonomy":"product_brand","embeddable":true,"href":"https:\/\/www.bau-styl.hu\/epitoanyag\/wp-json\/wp\/v2\/product_brand?post=8569"},{"taxonomy":"product_cat","embeddable":true,"href":"https:\/\/www.bau-styl.hu\/epitoanyag\/wp-json\/wp\/v2\/product_cat?post=8569"},{"taxonomy":"product_tag","embeddable":true,"href":"https:\/\/www.bau-styl.hu\/epitoanyag\/wp-json\/wp\/v2\/product_tag?post=8569"}],"curies":[{"name":"wp","href":"https:\/\/api.w.org\/{rel}","templated":true}]}}