{"id":8584,"date":"2019-10-28T06:54:44","date_gmt":"2019-10-28T06:54:44","guid":{"rendered":"https:\/\/www.bau-styl.hu\/epitoanyag\/termek\/mp-masterprofil-ce05-cw-75-valaszfal-profil-300-m\/"},"modified":"2024-01-15T21:17:27","modified_gmt":"2024-01-15T19:17:27","slug":"mp-masterprofil-ce05-cw-75-valaszfal-profil-300-m","status":"publish","type":"product","link":"https:\/\/www.bau-styl.hu\/epitoanyag\/termek\/mp-masterprofil-ce05-cw-75-valaszfal-profil-300-m\/","title":{"rendered":"BM UA 100 Er\u0151s\u00edtett v\u00e1laszfal profil 3,00 m"},"content":{"rendered":"","protected":false},"excerpt":{"rendered":"<p>V\u00e1laszfalba \u00e9p\u00edthet\u0151 ajt\u00f3tok k\u00f6rnyezet\u00e9nek ki\u00e9p\u00edt\u00e9s\u00e9n\u00e9l alkalmazhat\u00f3<\/p>\n","protected":false},"featured_media":2565,"template":"","meta":[],"product_brand":[],"product_cat":[120,123,4410],"product_tag":[],"class_list":{"0":"post-8584","1":"product","2":"type-product","3":"status-publish","4":"has-post-thumbnail","6":"product_cat-szarazepiteszet","7":"product_cat-gipszkarton-profil","8":"product_cat-valaszfali-profil","10":"first","11":"instock","12":"taxable","13":"shipping-taxable","14":"purchasable","15":"product-type-simple"},"aioseo_notices":[],"_links":{"self":[{"href":"https:\/\/www.bau-styl.hu\/epitoanyag\/wp-json\/wp\/v2\/product\/8584","targetHints":{"allow":["GET"]}}],"collection":[{"href":"https:\/\/www.bau-styl.hu\/epitoanyag\/wp-json\/wp\/v2\/product"}],"about":[{"href":"https:\/\/www.bau-styl.hu\/epitoanyag\/wp-json\/wp\/v2\/types\/product"}],"wp:featuredmedia":[{"embeddable":true,"href":"https:\/\/www.bau-styl.hu\/epitoanyag\/wp-json\/wp\/v2\/media\/2565"}],"wp:attachment":[{"href":"https:\/\/www.bau-styl.hu\/epitoanyag\/wp-json\/wp\/v2\/media?parent=8584"}],"wp:term":[{"taxonomy":"product_brand","embeddable":true,"href":"https:\/\/www.bau-styl.hu\/epitoanyag\/wp-json\/wp\/v2\/product_brand?post=8584"},{"taxonomy":"product_cat","embeddable":true,"href":"https:\/\/www.bau-styl.hu\/epitoanyag\/wp-json\/wp\/v2\/product_cat?post=8584"},{"taxonomy":"product_tag","embeddable":true,"href":"https:\/\/www.bau-styl.hu\/epitoanyag\/wp-json\/wp\/v2\/product_tag?post=8584"}],"curies":[{"name":"wp","href":"https:\/\/api.w.org\/{rel}","templated":true}]}}