{"id":8594,"date":"2019-10-28T06:54:50","date_gmt":"2019-10-28T06:54:50","guid":{"rendered":"https:\/\/www.bau-styl.hu\/epitoanyag\/termek\/mp-roofbond-ac-hovago-zsindelyhez-antracit\/"},"modified":"2026-04-20T18:18:46","modified_gmt":"2026-04-20T16:18:46","slug":"mp-roofbond-ac-hovago-zsindelyhez-antracit","status":"publish","type":"product","link":"https:\/\/www.bau-styl.hu\/epitoanyag\/termek\/mp-roofbond-ac-hovago-zsindelyhez-antracit\/","title":{"rendered":"MP Roofbond AC H\u00f3v\u00e1g\u00f3 zsindelyhez antracit"},"content":{"rendered":"","protected":false},"excerpt":{"rendered":"","protected":false},"featured_media":30718,"template":"","meta":[],"product_brand":[11295],"product_cat":[355,450],"product_tag":[],"class_list":{"0":"post-8594","1":"product","2":"type-product","3":"status-publish","4":"has-post-thumbnail","6":"product_brand-mp","7":"product_cat-tetofedes","8":"product_cat-zsindely-es-tartozekai","10":"first","11":"instock","12":"taxable","13":"shipping-taxable","14":"purchasable","15":"product-type-simple"},"aioseo_notices":[],"_links":{"self":[{"href":"https:\/\/www.bau-styl.hu\/epitoanyag\/wp-json\/wp\/v2\/product\/8594","targetHints":{"allow":["GET"]}}],"collection":[{"href":"https:\/\/www.bau-styl.hu\/epitoanyag\/wp-json\/wp\/v2\/product"}],"about":[{"href":"https:\/\/www.bau-styl.hu\/epitoanyag\/wp-json\/wp\/v2\/types\/product"}],"wp:featuredmedia":[{"embeddable":true,"href":"https:\/\/www.bau-styl.hu\/epitoanyag\/wp-json\/wp\/v2\/media\/30718"}],"wp:attachment":[{"href":"https:\/\/www.bau-styl.hu\/epitoanyag\/wp-json\/wp\/v2\/media?parent=8594"}],"wp:term":[{"taxonomy":"product_brand","embeddable":true,"href":"https:\/\/www.bau-styl.hu\/epitoanyag\/wp-json\/wp\/v2\/product_brand?post=8594"},{"taxonomy":"product_cat","embeddable":true,"href":"https:\/\/www.bau-styl.hu\/epitoanyag\/wp-json\/wp\/v2\/product_cat?post=8594"},{"taxonomy":"product_tag","embeddable":true,"href":"https:\/\/www.bau-styl.hu\/epitoanyag\/wp-json\/wp\/v2\/product_tag?post=8594"}],"curies":[{"name":"wp","href":"https:\/\/api.w.org\/{rel}","templated":true}]}}