{"id":8599,"date":"2019-10-28T06:54:53","date_gmt":"2019-10-28T06:54:53","guid":{"rendered":"https:\/\/www.bau-styl.hu\/epitoanyag\/termek\/mp-roofbond-ac-perforalt-pvc-szellozo-profil-barna-25-m\/"},"modified":"2026-04-20T21:09:15","modified_gmt":"2026-04-20T19:09:15","slug":"mp-roofbond-ac-perforalt-pvc-szellozo-profil-barna-25-m","status":"publish","type":"product","link":"https:\/\/www.bau-styl.hu\/epitoanyag\/termek\/mp-roofbond-ac-perforalt-pvc-szellozo-profil-barna-25-m\/","title":{"rendered":"MP Roofbond Ac Perfor\u00e1lt PVC szell\u0151z\u0151 profil barna 2,5 m"},"content":{"rendered":"","protected":false},"excerpt":{"rendered":"","protected":false},"featured_media":30720,"template":"","meta":[],"product_brand":[11295],"product_cat":[11362,355],"product_tag":[],"class_list":{"0":"post-8599","1":"product","2":"type-product","3":"status-publish","4":"has-post-thumbnail","6":"product_brand-mp","7":"product_cat-fem-es-muanyag-kiegeszito","8":"product_cat-tetofedes","10":"first","11":"instock","12":"taxable","13":"shipping-taxable","14":"purchasable","15":"product-type-simple"},"aioseo_notices":[],"_links":{"self":[{"href":"https:\/\/www.bau-styl.hu\/epitoanyag\/wp-json\/wp\/v2\/product\/8599","targetHints":{"allow":["GET"]}}],"collection":[{"href":"https:\/\/www.bau-styl.hu\/epitoanyag\/wp-json\/wp\/v2\/product"}],"about":[{"href":"https:\/\/www.bau-styl.hu\/epitoanyag\/wp-json\/wp\/v2\/types\/product"}],"wp:featuredmedia":[{"embeddable":true,"href":"https:\/\/www.bau-styl.hu\/epitoanyag\/wp-json\/wp\/v2\/media\/30720"}],"wp:attachment":[{"href":"https:\/\/www.bau-styl.hu\/epitoanyag\/wp-json\/wp\/v2\/media?parent=8599"}],"wp:term":[{"taxonomy":"product_brand","embeddable":true,"href":"https:\/\/www.bau-styl.hu\/epitoanyag\/wp-json\/wp\/v2\/product_brand?post=8599"},{"taxonomy":"product_cat","embeddable":true,"href":"https:\/\/www.bau-styl.hu\/epitoanyag\/wp-json\/wp\/v2\/product_cat?post=8599"},{"taxonomy":"product_tag","embeddable":true,"href":"https:\/\/www.bau-styl.hu\/epitoanyag\/wp-json\/wp\/v2\/product_tag?post=8599"}],"curies":[{"name":"wp","href":"https:\/\/api.w.org\/{rel}","templated":true}]}}