{"id":8606,"date":"2019-10-28T08:54:57","date_gmt":"2019-10-28T06:54:57","guid":{"rendered":"https:\/\/www.bau-styl.hu\/epitoanyag\/termek\/mp-szemes-fuggeszto-huzal-375-mm\/"},"modified":"2026-04-20T12:13:38","modified_gmt":"2026-04-20T10:13:38","slug":"mp-szemes-fuggeszto-huzal-375-mm","status":"publish","type":"product","link":"https:\/\/www.bau-styl.hu\/epitoanyag\/termek\/mp-szemes-fuggeszto-huzal-375-mm\/","title":{"rendered":"DK Profifix Szemes f\u00fcggeszt\u0151 huzal 375 mm (100db\/dob)"},"content":{"rendered":"","protected":false},"excerpt":{"rendered":"<p>Kazett\u00e1s \u00e1lmennyezetek \u00e9s gipszkarton f\u00fcggeszt\u00e9s\u00e9re alkalmas.<\/p>\n","protected":false},"featured_media":2579,"template":"","meta":[],"product_brand":[11298],"product_cat":[120,122],"product_tag":[],"class_list":{"0":"post-8606","1":"product","2":"type-product","3":"status-publish","4":"has-post-thumbnail","6":"product_brand-profifix","7":"product_cat-szarazepiteszet","8":"product_cat-gipszkarton-tartozek","10":"first","11":"instock","12":"taxable","13":"shipping-taxable","14":"purchasable","15":"product-type-simple"},"aioseo_notices":[],"_links":{"self":[{"href":"https:\/\/www.bau-styl.hu\/epitoanyag\/wp-json\/wp\/v2\/product\/8606","targetHints":{"allow":["GET"]}}],"collection":[{"href":"https:\/\/www.bau-styl.hu\/epitoanyag\/wp-json\/wp\/v2\/product"}],"about":[{"href":"https:\/\/www.bau-styl.hu\/epitoanyag\/wp-json\/wp\/v2\/types\/product"}],"wp:featuredmedia":[{"embeddable":true,"href":"https:\/\/www.bau-styl.hu\/epitoanyag\/wp-json\/wp\/v2\/media\/2579"}],"wp:attachment":[{"href":"https:\/\/www.bau-styl.hu\/epitoanyag\/wp-json\/wp\/v2\/media?parent=8606"}],"wp:term":[{"taxonomy":"product_brand","embeddable":true,"href":"https:\/\/www.bau-styl.hu\/epitoanyag\/wp-json\/wp\/v2\/product_brand?post=8606"},{"taxonomy":"product_cat","embeddable":true,"href":"https:\/\/www.bau-styl.hu\/epitoanyag\/wp-json\/wp\/v2\/product_cat?post=8606"},{"taxonomy":"product_tag","embeddable":true,"href":"https:\/\/www.bau-styl.hu\/epitoanyag\/wp-json\/wp\/v2\/product_tag?post=8606"}],"curies":[{"name":"wp","href":"https:\/\/api.w.org\/{rel}","templated":true}]}}