{"id":8642,"date":"2019-10-28T06:55:20","date_gmt":"2019-10-28T04:55:20","guid":{"rendered":"https:\/\/www.bau-styl.hu\/epitoanyag\/termek\/murva-0-20\/"},"modified":"2024-05-16T12:50:14","modified_gmt":"2024-05-16T10:50:14","slug":"murva-0-20","status":"publish","type":"product","link":"https:\/\/www.bau-styl.hu\/epitoanyag\/termek\/murva-0-20\/","title":{"rendered":"Murva 0-20 \/ tonna"},"content":{"rendered":"","protected":false},"excerpt":{"rendered":"<p>Dolomit vagy m\u00e9szk\u0151b\u0151l el\u0151\u00e1ll\u00edtott k\u0151z\u00fazal\u00e9kok. A poros murva, k\u0151por. T\u00e9rk\u0151 al\u00e1 felt\u00f6lt\u0151 r\u00e9tegnek, utak \u00e9p\u00edt\u00e9s\u00e9hez, g\u00e9pkocsi be\u00e1ll\u00f3khoz.<\/p>\n","protected":false},"featured_media":7451,"template":"","meta":[],"product_brand":[],"product_cat":[4686],"product_tag":[],"class_list":{"0":"post-8642","1":"product","2":"type-product","3":"status-publish","4":"has-post-thumbnail","6":"product_cat-omlesztett-aru","8":"first","9":"instock","10":"taxable","11":"shipping-taxable","12":"purchasable","13":"product-type-simple"},"aioseo_notices":[],"_links":{"self":[{"href":"https:\/\/www.bau-styl.hu\/epitoanyag\/wp-json\/wp\/v2\/product\/8642","targetHints":{"allow":["GET"]}}],"collection":[{"href":"https:\/\/www.bau-styl.hu\/epitoanyag\/wp-json\/wp\/v2\/product"}],"about":[{"href":"https:\/\/www.bau-styl.hu\/epitoanyag\/wp-json\/wp\/v2\/types\/product"}],"wp:featuredmedia":[{"embeddable":true,"href":"https:\/\/www.bau-styl.hu\/epitoanyag\/wp-json\/wp\/v2\/media\/7451"}],"wp:attachment":[{"href":"https:\/\/www.bau-styl.hu\/epitoanyag\/wp-json\/wp\/v2\/media?parent=8642"}],"wp:term":[{"taxonomy":"product_brand","embeddable":true,"href":"https:\/\/www.bau-styl.hu\/epitoanyag\/wp-json\/wp\/v2\/product_brand?post=8642"},{"taxonomy":"product_cat","embeddable":true,"href":"https:\/\/www.bau-styl.hu\/epitoanyag\/wp-json\/wp\/v2\/product_cat?post=8642"},{"taxonomy":"product_tag","embeddable":true,"href":"https:\/\/www.bau-styl.hu\/epitoanyag\/wp-json\/wp\/v2\/product_tag?post=8642"}],"curies":[{"name":"wp","href":"https:\/\/api.w.org\/{rel}","templated":true}]}}