{"id":8652,"date":"2019-10-28T06:55:28","date_gmt":"2019-10-28T04:55:28","guid":{"rendered":"https:\/\/www.bau-styl.hu\/epitoanyag\/termek\/oltott-mesz-duplan-oltott-varrott-zsakban-25kg-zsak\/"},"modified":"2026-04-20T20:55:32","modified_gmt":"2026-04-20T18:55:32","slug":"oltott-mesz-duplan-oltott-varrott-zsakban-25kg-zsak","status":"publish","type":"product","link":"https:\/\/www.bau-styl.hu\/epitoanyag\/termek\/oltott-mesz-duplan-oltott-varrott-zsakban-25kg-zsak\/","title":{"rendered":"Oltott m\u00e9sz, dupl\u00e1n oltott, varrott zs\u00e1kban 25kg\/zs\u00e1k"},"content":{"rendered":"","protected":false},"excerpt":{"rendered":"<p>Falaz\u00f3 habarcsok, k\u00fcls\u0151 \u00e9s bels\u0151 vakolatok, valamint egy\u00e9b \u00e9p\u00edt\u00e9si term\u00e9kek k\u00e9sz\u00edt\u00e9s\u00e9re.<\/p>\n","protected":false},"featured_media":30934,"template":"","meta":[],"product_brand":[],"product_cat":[11371,2831],"product_tag":[],"class_list":{"0":"post-8652","1":"product","2":"type-product","3":"status-publish","4":"has-post-thumbnail","6":"product_cat-kotoanyag","7":"product_cat-zsakos-termek","9":"first","10":"instock","11":"taxable","12":"shipping-taxable","13":"purchasable","14":"product-type-simple"},"aioseo_notices":[],"_links":{"self":[{"href":"https:\/\/www.bau-styl.hu\/epitoanyag\/wp-json\/wp\/v2\/product\/8652","targetHints":{"allow":["GET"]}}],"collection":[{"href":"https:\/\/www.bau-styl.hu\/epitoanyag\/wp-json\/wp\/v2\/product"}],"about":[{"href":"https:\/\/www.bau-styl.hu\/epitoanyag\/wp-json\/wp\/v2\/types\/product"}],"wp:featuredmedia":[{"embeddable":true,"href":"https:\/\/www.bau-styl.hu\/epitoanyag\/wp-json\/wp\/v2\/media\/30934"}],"wp:attachment":[{"href":"https:\/\/www.bau-styl.hu\/epitoanyag\/wp-json\/wp\/v2\/media?parent=8652"}],"wp:term":[{"taxonomy":"product_brand","embeddable":true,"href":"https:\/\/www.bau-styl.hu\/epitoanyag\/wp-json\/wp\/v2\/product_brand?post=8652"},{"taxonomy":"product_cat","embeddable":true,"href":"https:\/\/www.bau-styl.hu\/epitoanyag\/wp-json\/wp\/v2\/product_cat?post=8652"},{"taxonomy":"product_tag","embeddable":true,"href":"https:\/\/www.bau-styl.hu\/epitoanyag\/wp-json\/wp\/v2\/product_tag?post=8652"}],"curies":[{"name":"wp","href":"https:\/\/api.w.org\/{rel}","templated":true}]}}