{"id":8674,"date":"2019-10-28T06:55:45","date_gmt":"2019-10-28T06:55:45","guid":{"rendered":"https:\/\/www.bau-styl.hu\/epitoanyag\/termek\/papateszer-bakonytherm-12-cm-athidalo-125-m\/"},"modified":"2026-02-14T16:33:38","modified_gmt":"2026-02-14T14:33:38","slug":"papateszer-bakonytherm-12-cm-athidalo-125-m","status":"publish","type":"product","link":"https:\/\/www.bau-styl.hu\/epitoanyag\/termek\/papateszer-bakonytherm-12-cm-athidalo-125-m\/","title":{"rendered":"P\u00e1patesz\u00e9r Bakonytherm 12 cm \u00c1thidal\u00f3 1,25 m"},"content":{"rendered":"","protected":false},"excerpt":{"rendered":"<p>H\u0151h\u00eddmentes kialak\u00edt\u00e1st tesz lehet\u0151v\u00e9, nagy teherb\u00edr\u00e1s\u00fa. K\u00f6nnyen mozgathat\u00f3, emelhet\u0151, gyorsan \u00e9s egyszer\u0171en be\u00e9p\u00edthet\u0151. J\u00f3l vakolhat\u00f3 \u00e9getett ker\u00e1mia fel\u00fclettel rendelkezik.<\/p>\n","protected":false},"featured_media":2622,"template":"","meta":[],"product_brand":[],"product_cat":[78,79,80,81],"product_tag":[6611],"class_list":{"0":"post-8674","1":"product","2":"type-product","3":"status-publish","4":"has-post-thumbnail","6":"product_cat-falazat","7":"product_cat-keramia-falazat","8":"product_cat-athidalo","9":"product_cat-bakonytherm","10":"product_tag-papateszer-bakonytherm","12":"first","13":"instock","14":"taxable","15":"shipping-taxable","16":"purchasable","17":"product-type-simple"},"aioseo_notices":[],"_links":{"self":[{"href":"https:\/\/www.bau-styl.hu\/epitoanyag\/wp-json\/wp\/v2\/product\/8674","targetHints":{"allow":["GET"]}}],"collection":[{"href":"https:\/\/www.bau-styl.hu\/epitoanyag\/wp-json\/wp\/v2\/product"}],"about":[{"href":"https:\/\/www.bau-styl.hu\/epitoanyag\/wp-json\/wp\/v2\/types\/product"}],"wp:featuredmedia":[{"embeddable":true,"href":"https:\/\/www.bau-styl.hu\/epitoanyag\/wp-json\/wp\/v2\/media\/2622"}],"wp:attachment":[{"href":"https:\/\/www.bau-styl.hu\/epitoanyag\/wp-json\/wp\/v2\/media?parent=8674"}],"wp:term":[{"taxonomy":"product_brand","embeddable":true,"href":"https:\/\/www.bau-styl.hu\/epitoanyag\/wp-json\/wp\/v2\/product_brand?post=8674"},{"taxonomy":"product_cat","embeddable":true,"href":"https:\/\/www.bau-styl.hu\/epitoanyag\/wp-json\/wp\/v2\/product_cat?post=8674"},{"taxonomy":"product_tag","embeddable":true,"href":"https:\/\/www.bau-styl.hu\/epitoanyag\/wp-json\/wp\/v2\/product_tag?post=8674"}],"curies":[{"name":"wp","href":"https:\/\/api.w.org\/{rel}","templated":true}]}}