{"id":8684,"date":"2019-10-28T06:55:54","date_gmt":"2019-10-28T06:55:54","guid":{"rendered":"https:\/\/www.bau-styl.hu\/epitoanyag\/termek\/papateszer-bakonytherm-kismeretu-tomor-tegla-i-o-25x12x65-cm\/"},"modified":"2024-01-15T21:17:49","modified_gmt":"2024-01-15T19:17:49","slug":"papateszer-bakonytherm-kismeretu-tomor-tegla-i-o-25x12x65-cm","status":"publish","type":"product","link":"https:\/\/www.bau-styl.hu\/epitoanyag\/termek\/papateszer-bakonytherm-kismeretu-tomor-tegla-i-o-25x12x65-cm\/","title":{"rendered":"P\u00e1patesz\u00e9r Bakonytherm Kism\u00e9ret\u0171 t\u00f6m\u00f6r t\u00e9gla I. o. 25x12x6,5 cm"},"content":{"rendered":"","protected":false},"excerpt":{"rendered":"","protected":false},"featured_media":2625,"template":"","meta":[],"product_brand":[],"product_cat":[78,79,4468],"product_tag":[6611],"class_list":{"0":"post-8684","1":"product","2":"type-product","3":"status-publish","4":"has-post-thumbnail","6":"product_cat-falazat","7":"product_cat-keramia-falazat","8":"product_cat-egyeb-tegla","9":"product_tag-papateszer-bakonytherm","11":"first","12":"instock","13":"taxable","14":"shipping-taxable","15":"purchasable","16":"product-type-simple"},"aioseo_notices":[],"_links":{"self":[{"href":"https:\/\/www.bau-styl.hu\/epitoanyag\/wp-json\/wp\/v2\/product\/8684","targetHints":{"allow":["GET"]}}],"collection":[{"href":"https:\/\/www.bau-styl.hu\/epitoanyag\/wp-json\/wp\/v2\/product"}],"about":[{"href":"https:\/\/www.bau-styl.hu\/epitoanyag\/wp-json\/wp\/v2\/types\/product"}],"wp:featuredmedia":[{"embeddable":true,"href":"https:\/\/www.bau-styl.hu\/epitoanyag\/wp-json\/wp\/v2\/media\/2625"}],"wp:attachment":[{"href":"https:\/\/www.bau-styl.hu\/epitoanyag\/wp-json\/wp\/v2\/media?parent=8684"}],"wp:term":[{"taxonomy":"product_brand","embeddable":true,"href":"https:\/\/www.bau-styl.hu\/epitoanyag\/wp-json\/wp\/v2\/product_brand?post=8684"},{"taxonomy":"product_cat","embeddable":true,"href":"https:\/\/www.bau-styl.hu\/epitoanyag\/wp-json\/wp\/v2\/product_cat?post=8684"},{"taxonomy":"product_tag","embeddable":true,"href":"https:\/\/www.bau-styl.hu\/epitoanyag\/wp-json\/wp\/v2\/product_tag?post=8684"}],"curies":[{"name":"wp","href":"https:\/\/api.w.org\/{rel}","templated":true}]}}