{"id":8685,"date":"2019-10-28T06:55:54","date_gmt":"2019-10-28T04:55:54","guid":{"rendered":"https:\/\/www.bau-styl.hu\/epitoanyag\/termek\/perlit-01-m3-zsak\/"},"modified":"2026-04-20T20:56:01","modified_gmt":"2026-04-20T18:56:01","slug":"perlit-01-m3-zsak","status":"publish","type":"product","link":"https:\/\/www.bau-styl.hu\/epitoanyag\/termek\/perlit-01-m3-zsak\/","title":{"rendered":"Perlit 0,1 m3\/zs\u00e1k"},"content":{"rendered":"","protected":false},"excerpt":{"rendered":"<p>Az \u00e9p\u00edt\u0151iparban a perlitet sz\u00e9lesk\u00f6r\u0171en haszn\u00e1lj\u00e1k \u00f6n\u00e1ll\u00f3 alkot\u00f3r\u00e9szk\u00e9nt, h\u0151szigetel\u0151 vakolatok, betonok adal\u00e9k anyagk\u00e9nt, k\u00f6nny\u0171szerkezetek k\u00e9sz\u00edt\u00e9s\u00e9re, \u00e9s t\u0171zv\u00e9delmi c\u00e9lokra. Habarcshoz adagolva a perlit a t\u0171z\u00e1ll\u00f3s\u00e1got n\u00f6veli, de haszn\u00e1lj\u00e1k szigetel\u0151anyagokn\u00e1l vagy ker\u00e1miaburkolatokn\u00e1l adal\u00e9kk\u00e9nt is.<\/p>\n","protected":false},"featured_media":45471,"template":"","meta":[],"product_brand":[],"product_cat":[9620],"product_tag":[],"class_list":{"0":"post-8685","1":"product","2":"type-product","3":"status-publish","4":"has-post-thumbnail","6":"product_cat-epitesi-segedanyagok-adalekanyagok","8":"first","9":"instock","10":"taxable","11":"shipping-taxable","12":"purchasable","13":"product-type-simple"},"aioseo_notices":[],"_links":{"self":[{"href":"https:\/\/www.bau-styl.hu\/epitoanyag\/wp-json\/wp\/v2\/product\/8685","targetHints":{"allow":["GET"]}}],"collection":[{"href":"https:\/\/www.bau-styl.hu\/epitoanyag\/wp-json\/wp\/v2\/product"}],"about":[{"href":"https:\/\/www.bau-styl.hu\/epitoanyag\/wp-json\/wp\/v2\/types\/product"}],"wp:featuredmedia":[{"embeddable":true,"href":"https:\/\/www.bau-styl.hu\/epitoanyag\/wp-json\/wp\/v2\/media\/45471"}],"wp:attachment":[{"href":"https:\/\/www.bau-styl.hu\/epitoanyag\/wp-json\/wp\/v2\/media?parent=8685"}],"wp:term":[{"taxonomy":"product_brand","embeddable":true,"href":"https:\/\/www.bau-styl.hu\/epitoanyag\/wp-json\/wp\/v2\/product_brand?post=8685"},{"taxonomy":"product_cat","embeddable":true,"href":"https:\/\/www.bau-styl.hu\/epitoanyag\/wp-json\/wp\/v2\/product_cat?post=8685"},{"taxonomy":"product_tag","embeddable":true,"href":"https:\/\/www.bau-styl.hu\/epitoanyag\/wp-json\/wp\/v2\/product_tag?post=8685"}],"curies":[{"name":"wp","href":"https:\/\/api.w.org\/{rel}","templated":true}]}}