{"id":8700,"date":"2019-10-28T06:56:03","date_gmt":"2019-10-28T06:56:03","guid":{"rendered":"https:\/\/www.bau-styl.hu\/epitoanyag\/termek\/ravatherm-xps-500-sl-hoszigetelo-lemez-lepcsos-el-15-m2-csomag-1250x600x150-mm\/"},"modified":"2026-02-18T13:59:42","modified_gmt":"2026-02-18T11:59:42","slug":"ravatherm-xps-500-sl-hoszigetelo-lemez-lepcsos-el-15-m2-csomag-1250x600x150-mm","status":"publish","type":"product","link":"https:\/\/www.bau-styl.hu\/epitoanyag\/termek\/ravatherm-xps-500-sl-hoszigetelo-lemez-lepcsos-el-15-m2-csomag-1250x600x150-mm\/","title":{"rendered":"Ravatherm XPS 500 SL H\u0151szigetel\u0151 lemez, l\u00e9pcs\u0151s \u00e9l 1,5 m2\/csomag 1250x600x150 mm"},"content":{"rendered":"","protected":false},"excerpt":{"rendered":"<p>A z\u00e1rt cellaszerkezet\u0171 h\u0151szigetel\u00e9s, mely megold\u00e1st ny\u00fajthat nagy ig\u00e9nybev\u00e9tel\u0171 ford\u00edtott tet\u0151k, teherhord\u00f3 vasbeton lemezek, illetve padl\u00f3szerkezetek h\u0151szigetel\u00e9s\u00e9re. Hossz\u00fa t\u00e1von nagy teherb\u00edr\u00e1s, m\u00e9g nedves k\u00f6rnyezetben is.<\/p>\n","protected":false},"featured_media":2320,"template":"","meta":[],"product_brand":[],"product_cat":[301,6603,310,317],"product_tag":[],"class_list":{"0":"post-8700","1":"product","2":"type-product","3":"status-publish","4":"has-post-thumbnail","6":"product_cat-ho-es-hangszigeteles","7":"product_cat-polisztirol","8":"product_cat-labazati-xps-szigeteles","9":"product_cat-ravatherm","11":"first","12":"instock","13":"taxable","14":"shipping-taxable","15":"purchasable","16":"product-type-simple"},"aioseo_notices":[],"_links":{"self":[{"href":"https:\/\/www.bau-styl.hu\/epitoanyag\/wp-json\/wp\/v2\/product\/8700","targetHints":{"allow":["GET"]}}],"collection":[{"href":"https:\/\/www.bau-styl.hu\/epitoanyag\/wp-json\/wp\/v2\/product"}],"about":[{"href":"https:\/\/www.bau-styl.hu\/epitoanyag\/wp-json\/wp\/v2\/types\/product"}],"wp:featuredmedia":[{"embeddable":true,"href":"https:\/\/www.bau-styl.hu\/epitoanyag\/wp-json\/wp\/v2\/media\/2320"}],"wp:attachment":[{"href":"https:\/\/www.bau-styl.hu\/epitoanyag\/wp-json\/wp\/v2\/media?parent=8700"}],"wp:term":[{"taxonomy":"product_brand","embeddable":true,"href":"https:\/\/www.bau-styl.hu\/epitoanyag\/wp-json\/wp\/v2\/product_brand?post=8700"},{"taxonomy":"product_cat","embeddable":true,"href":"https:\/\/www.bau-styl.hu\/epitoanyag\/wp-json\/wp\/v2\/product_cat?post=8700"},{"taxonomy":"product_tag","embeddable":true,"href":"https:\/\/www.bau-styl.hu\/epitoanyag\/wp-json\/wp\/v2\/product_tag?post=8700"}],"curies":[{"name":"wp","href":"https:\/\/api.w.org\/{rel}","templated":true}]}}