{"id":8704,"date":"2019-10-28T06:56:06","date_gmt":"2019-10-28T04:56:06","guid":{"rendered":"https:\/\/www.bau-styl.hu\/epitoanyag\/termek\/revco-exterior-homlokzatfestek-b2-25-l\/"},"modified":"2026-04-07T08:15:57","modified_gmt":"2026-04-07T06:15:57","slug":"revco-exterior-homlokzatfestek-b2-25-l","status":"publish","type":"product","link":"https:\/\/www.bau-styl.hu\/epitoanyag\/termek\/revco-exterior-homlokzatfestek-b2-25-l\/","title":{"rendered":"Revco Exterior Homlokzatfest\u00e9k B2, 2,5 l"},"content":{"rendered":"","protected":false},"excerpt":{"rendered":"<p>Gy\u00e1rilag el\u0151kevert, diszperzi\u00f3s k\u00f6t\u0151anyagot, pigmenteket, t\u00f6lt\u0151anyagot \u00e9s tulajdons\u00e1gjav\u00edt\u00f3 adal\u00e9kokat tartalmaz\u00f3, j\u00f3 fed\u0151k\u00e9pess\u00e9g\u0171, kiv\u00e1l\u00f3 kop\u00e1s \u00e1ll\u00f3s\u00e1g\u00fa matt falfest\u00e9k.<\/p>\n","protected":false},"featured_media":10024,"template":"","meta":[],"product_brand":[],"product_cat":[332,6646],"product_tag":[6589],"class_list":{"0":"post-8704","1":"product","2":"type-product","3":"status-publish","4":"has-post-thumbnail","6":"product_cat-szinezes","7":"product_cat-homlokzatfestek","8":"product_tag-revco","10":"first","11":"instock","12":"taxable","13":"shipping-taxable","14":"purchasable","15":"product-type-simple"},"aioseo_notices":[],"_links":{"self":[{"href":"https:\/\/www.bau-styl.hu\/epitoanyag\/wp-json\/wp\/v2\/product\/8704","targetHints":{"allow":["GET"]}}],"collection":[{"href":"https:\/\/www.bau-styl.hu\/epitoanyag\/wp-json\/wp\/v2\/product"}],"about":[{"href":"https:\/\/www.bau-styl.hu\/epitoanyag\/wp-json\/wp\/v2\/types\/product"}],"wp:featuredmedia":[{"embeddable":true,"href":"https:\/\/www.bau-styl.hu\/epitoanyag\/wp-json\/wp\/v2\/media\/10024"}],"wp:attachment":[{"href":"https:\/\/www.bau-styl.hu\/epitoanyag\/wp-json\/wp\/v2\/media?parent=8704"}],"wp:term":[{"taxonomy":"product_brand","embeddable":true,"href":"https:\/\/www.bau-styl.hu\/epitoanyag\/wp-json\/wp\/v2\/product_brand?post=8704"},{"taxonomy":"product_cat","embeddable":true,"href":"https:\/\/www.bau-styl.hu\/epitoanyag\/wp-json\/wp\/v2\/product_cat?post=8704"},{"taxonomy":"product_tag","embeddable":true,"href":"https:\/\/www.bau-styl.hu\/epitoanyag\/wp-json\/wp\/v2\/product_tag?post=8704"}],"curies":[{"name":"wp","href":"https:\/\/api.w.org\/{rel}","templated":true}]}}