{"id":8708,"date":"2019-10-28T06:56:09","date_gmt":"2019-10-28T04:56:09","guid":{"rendered":"https:\/\/www.bau-styl.hu\/epitoanyag\/termek\/revco-primer-vekonyvakolat-alapozo-375-kg\/"},"modified":"2026-04-07T08:15:45","modified_gmt":"2026-04-07T06:15:45","slug":"revco-primer-vekonyvakolat-alapozo-375-kg","status":"publish","type":"product","link":"https:\/\/www.bau-styl.hu\/epitoanyag\/termek\/revco-primer-vekonyvakolat-alapozo-375-kg\/","title":{"rendered":"Revco Primer V\u00e9konyvakolat alapoz\u00f3 3,75 kg"},"content":{"rendered":"","protected":false},"excerpt":{"rendered":"<p>Alkalmas r\u00e9gi \u00e9s \u00faj \u00e9p\u00fcletek k\u00fcls\u0151, illetve bels\u0151 falazatainak sz\u00ednvakol\u00e1st \u00e9s l\u00e1bazati d\u00edsz\u00edt\u0151vakol\u00e1st megel\u0151z\u0151 alapoz\u00e1s\u00e1ra. Az alapfel\u00fclet por- \u00e9s szennyez\u0151d\u00e9smentes, valamint teljes r\u00e9tegvastags\u00e1g\u00e1ban sz\u00e1raz legyen.<\/p>\n","protected":false},"featured_media":7618,"template":"","meta":[],"product_brand":[],"product_cat":[332,6643],"product_tag":[6589],"class_list":{"0":"post-8708","1":"product","2":"type-product","3":"status-publish","4":"has-post-thumbnail","6":"product_cat-szinezes","7":"product_cat-vakolatalapozo","8":"product_tag-revco","10":"first","11":"instock","12":"taxable","13":"shipping-taxable","14":"purchasable","15":"product-type-simple"},"aioseo_notices":[],"_links":{"self":[{"href":"https:\/\/www.bau-styl.hu\/epitoanyag\/wp-json\/wp\/v2\/product\/8708","targetHints":{"allow":["GET"]}}],"collection":[{"href":"https:\/\/www.bau-styl.hu\/epitoanyag\/wp-json\/wp\/v2\/product"}],"about":[{"href":"https:\/\/www.bau-styl.hu\/epitoanyag\/wp-json\/wp\/v2\/types\/product"}],"wp:featuredmedia":[{"embeddable":true,"href":"https:\/\/www.bau-styl.hu\/epitoanyag\/wp-json\/wp\/v2\/media\/7618"}],"wp:attachment":[{"href":"https:\/\/www.bau-styl.hu\/epitoanyag\/wp-json\/wp\/v2\/media?parent=8708"}],"wp:term":[{"taxonomy":"product_brand","embeddable":true,"href":"https:\/\/www.bau-styl.hu\/epitoanyag\/wp-json\/wp\/v2\/product_brand?post=8708"},{"taxonomy":"product_cat","embeddable":true,"href":"https:\/\/www.bau-styl.hu\/epitoanyag\/wp-json\/wp\/v2\/product_cat?post=8708"},{"taxonomy":"product_tag","embeddable":true,"href":"https:\/\/www.bau-styl.hu\/epitoanyag\/wp-json\/wp\/v2\/product_tag?post=8708"}],"curies":[{"name":"wp","href":"https:\/\/api.w.org\/{rel}","templated":true}]}}