{"id":8715,"date":"2019-10-28T06:56:16","date_gmt":"2019-10-28T04:56:16","guid":{"rendered":"https:\/\/www.bau-styl.hu\/epitoanyag\/termek\/revco-vario-struktura-vekonyvakolat-gorduloszemcses-2-mm-b1-15-kg\/"},"modified":"2026-04-07T08:15:51","modified_gmt":"2026-04-07T06:15:51","slug":"revco-vario-struktura-vekonyvakolat-gorduloszemcses-2-mm-b1-16-kg","status":"publish","type":"product","link":"https:\/\/www.bau-styl.hu\/epitoanyag\/termek\/revco-vario-struktura-vekonyvakolat-gorduloszemcses-2-mm-b1-16-kg\/","title":{"rendered":"Revco Vario Strukt\u00fara V\u00e9konyvakolat, g\u00f6rd\u00fcl\u0151szemcs\u00e9s 2 mm B1, 16 kg"},"content":{"rendered":"","protected":false},"excerpt":{"rendered":"<p>Gy\u00e1rilag el\u0151kevert, v\u00edzzel h\u00edg\u00edthat\u00f3, m\u0171gyanta diszperzi\u00f3s k\u00f6t\u0151anyag\u00fa, tulajdons\u00e1g jav\u00edt\u00f3 adal\u00e9kokat tartalmaz\u00f3, v\u00f6dr\u00f6s kiszerel\u00e9s\u0171 v\u00e9konyvakolat, amely a VARIO sz\u00ednk\u00e1rtya \u00f6sszes sz\u00edn\u00e9ben kaphat\u00f3.<\/p>\n","protected":false},"featured_media":10031,"template":"","meta":[],"product_brand":[],"product_cat":[332,6644],"product_tag":[6589],"class_list":{"0":"post-8715","1":"product","2":"type-product","3":"status-publish","4":"has-post-thumbnail","6":"product_cat-szinezes","7":"product_cat-nemesvakolat","8":"product_tag-revco","10":"first","11":"instock","12":"taxable","13":"shipping-taxable","14":"purchasable","15":"product-type-simple"},"aioseo_notices":[],"_links":{"self":[{"href":"https:\/\/www.bau-styl.hu\/epitoanyag\/wp-json\/wp\/v2\/product\/8715","targetHints":{"allow":["GET"]}}],"collection":[{"href":"https:\/\/www.bau-styl.hu\/epitoanyag\/wp-json\/wp\/v2\/product"}],"about":[{"href":"https:\/\/www.bau-styl.hu\/epitoanyag\/wp-json\/wp\/v2\/types\/product"}],"wp:featuredmedia":[{"embeddable":true,"href":"https:\/\/www.bau-styl.hu\/epitoanyag\/wp-json\/wp\/v2\/media\/10031"}],"wp:attachment":[{"href":"https:\/\/www.bau-styl.hu\/epitoanyag\/wp-json\/wp\/v2\/media?parent=8715"}],"wp:term":[{"taxonomy":"product_brand","embeddable":true,"href":"https:\/\/www.bau-styl.hu\/epitoanyag\/wp-json\/wp\/v2\/product_brand?post=8715"},{"taxonomy":"product_cat","embeddable":true,"href":"https:\/\/www.bau-styl.hu\/epitoanyag\/wp-json\/wp\/v2\/product_cat?post=8715"},{"taxonomy":"product_tag","embeddable":true,"href":"https:\/\/www.bau-styl.hu\/epitoanyag\/wp-json\/wp\/v2\/product_tag?post=8715"}],"curies":[{"name":"wp","href":"https:\/\/api.w.org\/{rel}","templated":true}]}}