{"id":8728,"date":"2019-10-28T06:56:26","date_gmt":"2019-10-28T06:56:26","guid":{"rendered":"https:\/\/www.bau-styl.hu\/epitoanyag\/termek\/rigips-rfi-tuzgatlo-impregnalt-gipszkarton-lap-125x1200x2000-mm\/"},"modified":"2026-04-20T12:13:42","modified_gmt":"2026-04-20T10:13:42","slug":"rigips-rfi-tuzgatlo-impregnalt-gipszkarton-lap-125x1200x2000-mm","status":"publish","type":"product","link":"https:\/\/www.bau-styl.hu\/epitoanyag\/termek\/rigips-rfi-tuzgatlo-impregnalt-gipszkarton-lap-125x1200x2000-mm\/","title":{"rendered":"Rigips RFI T\u0171zg\u00e1tl\u00f3-impregn\u00e1lt gipszkarton lap 12,5x1200x2000 mm"},"content":{"rendered":"","protected":false},"excerpt":{"rendered":"","protected":false},"featured_media":1431,"template":"","meta":[],"product_brand":[11301],"product_cat":[120,121],"product_tag":[],"class_list":{"0":"post-8728","1":"product","2":"type-product","3":"status-publish","4":"has-post-thumbnail","6":"product_brand-rigips","7":"product_cat-szarazepiteszet","8":"product_cat-gipszkarton","10":"first","11":"instock","12":"taxable","13":"shipping-taxable","14":"purchasable","15":"product-type-simple"},"aioseo_notices":[],"_links":{"self":[{"href":"https:\/\/www.bau-styl.hu\/epitoanyag\/wp-json\/wp\/v2\/product\/8728","targetHints":{"allow":["GET"]}}],"collection":[{"href":"https:\/\/www.bau-styl.hu\/epitoanyag\/wp-json\/wp\/v2\/product"}],"about":[{"href":"https:\/\/www.bau-styl.hu\/epitoanyag\/wp-json\/wp\/v2\/types\/product"}],"wp:featuredmedia":[{"embeddable":true,"href":"https:\/\/www.bau-styl.hu\/epitoanyag\/wp-json\/wp\/v2\/media\/1431"}],"wp:attachment":[{"href":"https:\/\/www.bau-styl.hu\/epitoanyag\/wp-json\/wp\/v2\/media?parent=8728"}],"wp:term":[{"taxonomy":"product_brand","embeddable":true,"href":"https:\/\/www.bau-styl.hu\/epitoanyag\/wp-json\/wp\/v2\/product_brand?post=8728"},{"taxonomy":"product_cat","embeddable":true,"href":"https:\/\/www.bau-styl.hu\/epitoanyag\/wp-json\/wp\/v2\/product_cat?post=8728"},{"taxonomy":"product_tag","embeddable":true,"href":"https:\/\/www.bau-styl.hu\/epitoanyag\/wp-json\/wp\/v2\/product_tag?post=8728"}],"curies":[{"name":"wp","href":"https:\/\/api.w.org\/{rel}","templated":true}]}}