{"id":8730,"date":"2019-10-28T06:56:27","date_gmt":"2019-10-28T04:56:27","guid":{"rendered":"https:\/\/www.bau-styl.hu\/epitoanyag\/termek\/rigips-rimano-3-6-gipszes-vekonyvakolat-20-kg\/"},"modified":"2026-04-20T12:13:42","modified_gmt":"2026-04-20T10:13:42","slug":"rigips-rimano-3-6-gipszes-vekonyvakolat-20-kg","status":"publish","type":"product","link":"https:\/\/www.bau-styl.hu\/epitoanyag\/termek\/rigips-rimano-3-6-gipszes-vekonyvakolat-20-kg\/","title":{"rendered":"Rigips Rimano 3-6 gipszes v\u00e9konyvakolat 20 kg"},"content":{"rendered":"","protected":false},"excerpt":{"rendered":"<p>Kiv\u00e1l\u00f3 min\u0151s\u00e9g\u0171, gipsz k\u00f6t\u0151anyag\u00fa v\u00e9kony vakolat belt\u00e9ri felhaszn\u00e1l\u00e1sra, norm\u00e1l p\u00e1ratartalm\u00fa helyis\u00e9gekbe, viszonylag s\u00edk, nedvsz\u00edv\u00f3 fel\u00fcletek glettel\u00e9s\u00e9re. Megfelel\u0151 alapfel\u00fcletek p\u00e9ld\u00e1ul a zsaluzott betonfel\u00fcletek, vagy a g\u00e1zbeton-szerkezetek. A vakolat 3-6 mm-ig kell\u0151s\u00edt\u0151 r\u00e9teg n\u00e9lk\u00fcl felvihet\u0151. Teljes sz\u00e1rad\u00e1st k\u00f6vet\u0151en a fel\u00fclet tap\u00e9t\u00e1zhat\u00f3 vagy ak\u00e1r festhet\u0151 is.<\/p>\n","protected":false},"featured_media":1826,"template":"","meta":[],"product_brand":[11301],"product_cat":[120,6630,2831,4365],"product_tag":[],"class_list":{"0":"post-8730","1":"product","2":"type-product","3":"status-publish","4":"has-post-thumbnail","6":"product_brand-rigips","7":"product_cat-szarazepiteszet","8":"product_cat-glettanyag","9":"product_cat-zsakos-termek","10":"product_cat-glettanyag-zsakos-aru-por-termek","12":"first","13":"instock","14":"taxable","15":"shipping-taxable","16":"purchasable","17":"product-type-simple"},"aioseo_notices":[],"_links":{"self":[{"href":"https:\/\/www.bau-styl.hu\/epitoanyag\/wp-json\/wp\/v2\/product\/8730","targetHints":{"allow":["GET"]}}],"collection":[{"href":"https:\/\/www.bau-styl.hu\/epitoanyag\/wp-json\/wp\/v2\/product"}],"about":[{"href":"https:\/\/www.bau-styl.hu\/epitoanyag\/wp-json\/wp\/v2\/types\/product"}],"wp:featuredmedia":[{"embeddable":true,"href":"https:\/\/www.bau-styl.hu\/epitoanyag\/wp-json\/wp\/v2\/media\/1826"}],"wp:attachment":[{"href":"https:\/\/www.bau-styl.hu\/epitoanyag\/wp-json\/wp\/v2\/media?parent=8730"}],"wp:term":[{"taxonomy":"product_brand","embeddable":true,"href":"https:\/\/www.bau-styl.hu\/epitoanyag\/wp-json\/wp\/v2\/product_brand?post=8730"},{"taxonomy":"product_cat","embeddable":true,"href":"https:\/\/www.bau-styl.hu\/epitoanyag\/wp-json\/wp\/v2\/product_cat?post=8730"},{"taxonomy":"product_tag","embeddable":true,"href":"https:\/\/www.bau-styl.hu\/epitoanyag\/wp-json\/wp\/v2\/product_tag?post=8730"}],"curies":[{"name":"wp","href":"https:\/\/api.w.org\/{rel}","templated":true}]}}