{"id":8731,"date":"2019-10-28T06:56:27","date_gmt":"2019-10-28T04:56:27","guid":{"rendered":"https:\/\/www.bau-styl.hu\/epitoanyag\/termek\/rigips-rimano-6-30-gipszes-vakolat-25-kg\/"},"modified":"2026-04-20T12:13:42","modified_gmt":"2026-04-20T10:13:42","slug":"rigips-rimano-6-30-gipszes-vakolat-25-kg","status":"publish","type":"product","link":"https:\/\/www.bau-styl.hu\/epitoanyag\/termek\/rigips-rimano-6-30-gipszes-vakolat-25-kg\/","title":{"rendered":"Knauf Handputz Gipszes vakolat 6-30 mm 25 kg"},"content":{"rendered":"","protected":false},"excerpt":{"rendered":"<p>Belt\u00e9ri helyis\u00e9gekben alkalmazhat\u00f3, falazott \u00e9s betonszerkezetek vakol\u00e1s\u00e1hoz ide\u00e1lis gipsz k\u00f6t\u0151anyag\u00fa vakolat. Durv\u00e1bb, gipszes vastagvakolatk\u00e9nt lak\u00f3\u00e9p\u00fcletek, k\u00f6z\u00e9p\u00fcletek, ipari objektumok bels\u0151 beton \u00e9s stabil falazott szerkezeteihez, tov\u00e1bb\u00e1 szok\u00e1sos p\u00e1ratartalm\u00fa helyis\u00e9gek, mint pl. lak\u00f3h\u00e1zak konyh\u00e1inak \u00e9s f\u00fcrd\u0151szob\u00e1inak vakol\u00e1s\u00e1ra is kiv\u00e1l\u00f3.<\/p>\n","protected":false},"featured_media":1827,"template":"","meta":[],"product_brand":[11301],"product_cat":[120,6630,2831,4365],"product_tag":[],"class_list":{"0":"post-8731","1":"product","2":"type-product","3":"status-publish","4":"has-post-thumbnail","6":"product_brand-rigips","7":"product_cat-szarazepiteszet","8":"product_cat-glettanyag","9":"product_cat-zsakos-termek","10":"product_cat-glettanyag-zsakos-aru-por-termek","12":"first","13":"instock","14":"taxable","15":"shipping-taxable","16":"purchasable","17":"product-type-simple"},"aioseo_notices":[],"_links":{"self":[{"href":"https:\/\/www.bau-styl.hu\/epitoanyag\/wp-json\/wp\/v2\/product\/8731","targetHints":{"allow":["GET"]}}],"collection":[{"href":"https:\/\/www.bau-styl.hu\/epitoanyag\/wp-json\/wp\/v2\/product"}],"about":[{"href":"https:\/\/www.bau-styl.hu\/epitoanyag\/wp-json\/wp\/v2\/types\/product"}],"wp:featuredmedia":[{"embeddable":true,"href":"https:\/\/www.bau-styl.hu\/epitoanyag\/wp-json\/wp\/v2\/media\/1827"}],"wp:attachment":[{"href":"https:\/\/www.bau-styl.hu\/epitoanyag\/wp-json\/wp\/v2\/media?parent=8731"}],"wp:term":[{"taxonomy":"product_brand","embeddable":true,"href":"https:\/\/www.bau-styl.hu\/epitoanyag\/wp-json\/wp\/v2\/product_brand?post=8731"},{"taxonomy":"product_cat","embeddable":true,"href":"https:\/\/www.bau-styl.hu\/epitoanyag\/wp-json\/wp\/v2\/product_cat?post=8731"},{"taxonomy":"product_tag","embeddable":true,"href":"https:\/\/www.bau-styl.hu\/epitoanyag\/wp-json\/wp\/v2\/product_tag?post=8731"}],"curies":[{"name":"wp","href":"https:\/\/api.w.org\/{rel}","templated":true}]}}