{"id":8745,"date":"2019-10-28T06:56:36","date_gmt":"2019-10-28T06:56:36","guid":{"rendered":"https:\/\/www.bau-styl.hu\/epitoanyag\/termek\/roto-designo-edr-rx-1x1-zie-al-szolo-burkolokeret-profilos-tetofedeshez-7-11-74x118-cm\/"},"modified":"2026-04-20T14:07:14","modified_gmt":"2026-04-20T12:07:14","slug":"roto-designo-edr-rx-1x1-zie-al-szolo-burkolokeret-profilos-tetofedeshez-7-11-74x118-cm","status":"publish","type":"product","link":"https:\/\/www.bau-styl.hu\/epitoanyag\/termek\/roto-designo-edr-rx-1x1-zie-al-szolo-burkolokeret-profilos-tetofedeshez-7-11-74x118-cm\/","title":{"rendered":"Roto Designo EDR Rx 1&#215;1 ZIE AL Sz\u00f3l\u00f3 burkol\u00f3keret, profilos tet\u0151fed\u00e9shez 7\/11, 74&#215;118 cm"},"content":{"rendered":"","protected":false},"excerpt":{"rendered":"","protected":false},"featured_media":29612,"template":"","meta":[],"product_brand":[11303],"product_cat":[11344,185],"product_tag":[],"class_list":{"0":"post-8745","1":"product","2":"type-product","3":"status-publish","4":"has-post-thumbnail","6":"product_brand-roto","7":"product_cat-beepitotermekek","8":"product_cat-nyilaszarok","10":"first","11":"instock","12":"taxable","13":"shipping-taxable","14":"purchasable","15":"product-type-simple"},"aioseo_notices":[],"_links":{"self":[{"href":"https:\/\/www.bau-styl.hu\/epitoanyag\/wp-json\/wp\/v2\/product\/8745","targetHints":{"allow":["GET"]}}],"collection":[{"href":"https:\/\/www.bau-styl.hu\/epitoanyag\/wp-json\/wp\/v2\/product"}],"about":[{"href":"https:\/\/www.bau-styl.hu\/epitoanyag\/wp-json\/wp\/v2\/types\/product"}],"wp:featuredmedia":[{"embeddable":true,"href":"https:\/\/www.bau-styl.hu\/epitoanyag\/wp-json\/wp\/v2\/media\/29612"}],"wp:attachment":[{"href":"https:\/\/www.bau-styl.hu\/epitoanyag\/wp-json\/wp\/v2\/media?parent=8745"}],"wp:term":[{"taxonomy":"product_brand","embeddable":true,"href":"https:\/\/www.bau-styl.hu\/epitoanyag\/wp-json\/wp\/v2\/product_brand?post=8745"},{"taxonomy":"product_cat","embeddable":true,"href":"https:\/\/www.bau-styl.hu\/epitoanyag\/wp-json\/wp\/v2\/product_cat?post=8745"},{"taxonomy":"product_tag","embeddable":true,"href":"https:\/\/www.bau-styl.hu\/epitoanyag\/wp-json\/wp\/v2\/product_tag?post=8745"}],"curies":[{"name":"wp","href":"https:\/\/api.w.org\/{rel}","templated":true}]}}