{"id":8766,"date":"2019-10-28T06:56:49","date_gmt":"2019-10-28T06:56:49","guid":{"rendered":"https:\/\/www.bau-styl.hu\/epitoanyag\/termek\/roto-designo-zar-r4-r7-de-m-560-kulso-hovedo-rolo-9-14-94x140-cm\/"},"modified":"2026-03-06T15:06:36","modified_gmt":"2026-03-06T13:06:36","slug":"roto-designo-zar-r4-r7-de-m-560-kulso-hovedo-rolo-9-14-94x140-cm","status":"publish","type":"product","link":"https:\/\/www.bau-styl.hu\/epitoanyag\/termek\/roto-designo-zar-r4-r7-de-m-560-kulso-hovedo-rolo-9-14-94x140-cm\/","title":{"rendered":"Roto Designo ZAR R4\/R7 DE M 560 K\u00fcls\u0151 h\u0151v\u00e9d\u0151 rol\u00f3, 9\/14, 94&#215;140 cm"},"content":{"rendered":"","protected":false},"excerpt":{"rendered":"","protected":false},"featured_media":29620,"template":"","meta":[],"product_brand":[],"product_cat":[185,187,193,5715],"product_tag":[],"class_list":{"0":"post-8766","1":"product","2":"type-product","3":"status-publish","4":"has-post-thumbnail","6":"product_cat-nyilaszarok","7":"product_cat-tetoteri-ablak","8":"product_cat-roto","9":"product_cat-kiegeszito-termek-roto","11":"first","12":"instock","13":"taxable","14":"shipping-taxable","15":"purchasable","16":"product-type-simple"},"aioseo_notices":[],"_links":{"self":[{"href":"https:\/\/www.bau-styl.hu\/epitoanyag\/wp-json\/wp\/v2\/product\/8766","targetHints":{"allow":["GET"]}}],"collection":[{"href":"https:\/\/www.bau-styl.hu\/epitoanyag\/wp-json\/wp\/v2\/product"}],"about":[{"href":"https:\/\/www.bau-styl.hu\/epitoanyag\/wp-json\/wp\/v2\/types\/product"}],"wp:featuredmedia":[{"embeddable":true,"href":"https:\/\/www.bau-styl.hu\/epitoanyag\/wp-json\/wp\/v2\/media\/29620"}],"wp:attachment":[{"href":"https:\/\/www.bau-styl.hu\/epitoanyag\/wp-json\/wp\/v2\/media?parent=8766"}],"wp:term":[{"taxonomy":"product_brand","embeddable":true,"href":"https:\/\/www.bau-styl.hu\/epitoanyag\/wp-json\/wp\/v2\/product_brand?post=8766"},{"taxonomy":"product_cat","embeddable":true,"href":"https:\/\/www.bau-styl.hu\/epitoanyag\/wp-json\/wp\/v2\/product_cat?post=8766"},{"taxonomy":"product_tag","embeddable":true,"href":"https:\/\/www.bau-styl.hu\/epitoanyag\/wp-json\/wp\/v2\/product_tag?post=8766"}],"curies":[{"name":"wp","href":"https:\/\/api.w.org\/{rel}","templated":true}]}}