{"id":8768,"date":"2019-10-28T06:56:50","date_gmt":"2019-10-28T06:56:50","guid":{"rendered":"https:\/\/www.bau-styl.hu\/epitoanyag\/termek\/roto-designo-zre-r4-r7de-m-w-exclusiv-belso-rolo-manualis-2-r23-feher-sin-7-11-74x118-cm\/"},"modified":"2026-03-06T15:06:37","modified_gmt":"2026-03-06T13:06:37","slug":"roto-designo-zre-r4-r7de-m-w-exclusiv-belso-rolo-manualis-2-r23-feher-sin-7-11-74x118-cm","status":"publish","type":"product","link":"https:\/\/www.bau-styl.hu\/epitoanyag\/termek\/roto-designo-zre-r4-r7de-m-w-exclusiv-belso-rolo-manualis-2-r23-feher-sin-7-11-74x118-cm\/","title":{"rendered":"Roto Designo ZRE R4\/R7DE M W Exclusiv bels\u0151 rol\u00f3, manu\u00e1lis 2-R23, Feh\u00e9r s\u00edn 7\/11, 74&#215;118 cm"},"content":{"rendered":"","protected":false},"excerpt":{"rendered":"","protected":false},"featured_media":29625,"template":"","meta":[],"product_brand":[],"product_cat":[185,187,193,5715],"product_tag":[],"class_list":{"0":"post-8768","1":"product","2":"type-product","3":"status-publish","4":"has-post-thumbnail","6":"product_cat-nyilaszarok","7":"product_cat-tetoteri-ablak","8":"product_cat-roto","9":"product_cat-kiegeszito-termek-roto","11":"first","12":"instock","13":"taxable","14":"shipping-taxable","15":"purchasable","16":"product-type-simple"},"aioseo_notices":[],"_links":{"self":[{"href":"https:\/\/www.bau-styl.hu\/epitoanyag\/wp-json\/wp\/v2\/product\/8768","targetHints":{"allow":["GET"]}}],"collection":[{"href":"https:\/\/www.bau-styl.hu\/epitoanyag\/wp-json\/wp\/v2\/product"}],"about":[{"href":"https:\/\/www.bau-styl.hu\/epitoanyag\/wp-json\/wp\/v2\/types\/product"}],"wp:featuredmedia":[{"embeddable":true,"href":"https:\/\/www.bau-styl.hu\/epitoanyag\/wp-json\/wp\/v2\/media\/29625"}],"wp:attachment":[{"href":"https:\/\/www.bau-styl.hu\/epitoanyag\/wp-json\/wp\/v2\/media?parent=8768"}],"wp:term":[{"taxonomy":"product_brand","embeddable":true,"href":"https:\/\/www.bau-styl.hu\/epitoanyag\/wp-json\/wp\/v2\/product_brand?post=8768"},{"taxonomy":"product_cat","embeddable":true,"href":"https:\/\/www.bau-styl.hu\/epitoanyag\/wp-json\/wp\/v2\/product_cat?post=8768"},{"taxonomy":"product_tag","embeddable":true,"href":"https:\/\/www.bau-styl.hu\/epitoanyag\/wp-json\/wp\/v2\/product_tag?post=8768"}],"curies":[{"name":"wp","href":"https:\/\/api.w.org\/{rel}","templated":true}]}}