{"id":8796,"date":"2019-10-28T06:57:05","date_gmt":"2019-10-28T06:57:05","guid":{"rendered":"https:\/\/www.bau-styl.hu\/epitoanyag\/termek\/roto-wdf-r45-h-fa-billeno-tetoablak2-reteg-uveg-5-9-54x98-cm\/"},"modified":"2026-04-20T14:13:02","modified_gmt":"2026-04-20T12:13:02","slug":"roto-wdf-r45-h-fa-billeno-tetoablak2-reteg-uveg-5-9-54x98-cm","status":"publish","type":"product","link":"https:\/\/www.bau-styl.hu\/epitoanyag\/termek\/roto-wdf-r45-h-fa-billeno-tetoablak2-reteg-uveg-5-9-54x98-cm\/","title":{"rendered":"Roto WDF R45 H Fa billen\u0151 tet\u0151ablak,2 r\u00e9teg \u00fcveg 5\/9, 54&#215;98 cm"},"content":{"rendered":"","protected":false},"excerpt":{"rendered":"","protected":false},"featured_media":29618,"template":"","meta":[],"product_brand":[11303],"product_cat":[11352,185],"product_tag":[],"class_list":{"0":"post-8796","1":"product","2":"type-product","3":"status-publish","4":"has-post-thumbnail","6":"product_brand-roto","7":"product_cat-tetoteri-ablak","8":"product_cat-nyilaszarok","10":"first","11":"instock","12":"taxable","13":"shipping-taxable","14":"purchasable","15":"product-type-simple"},"aioseo_notices":[],"_links":{"self":[{"href":"https:\/\/www.bau-styl.hu\/epitoanyag\/wp-json\/wp\/v2\/product\/8796","targetHints":{"allow":["GET"]}}],"collection":[{"href":"https:\/\/www.bau-styl.hu\/epitoanyag\/wp-json\/wp\/v2\/product"}],"about":[{"href":"https:\/\/www.bau-styl.hu\/epitoanyag\/wp-json\/wp\/v2\/types\/product"}],"wp:featuredmedia":[{"embeddable":true,"href":"https:\/\/www.bau-styl.hu\/epitoanyag\/wp-json\/wp\/v2\/media\/29618"}],"wp:attachment":[{"href":"https:\/\/www.bau-styl.hu\/epitoanyag\/wp-json\/wp\/v2\/media?parent=8796"}],"wp:term":[{"taxonomy":"product_brand","embeddable":true,"href":"https:\/\/www.bau-styl.hu\/epitoanyag\/wp-json\/wp\/v2\/product_brand?post=8796"},{"taxonomy":"product_cat","embeddable":true,"href":"https:\/\/www.bau-styl.hu\/epitoanyag\/wp-json\/wp\/v2\/product_cat?post=8796"},{"taxonomy":"product_tag","embeddable":true,"href":"https:\/\/www.bau-styl.hu\/epitoanyag\/wp-json\/wp\/v2\/product_tag?post=8796"}],"curies":[{"name":"wp","href":"https:\/\/api.w.org\/{rel}","templated":true}]}}