{"id":8803,"date":"2019-10-28T06:57:09","date_gmt":"2019-10-28T06:57:09","guid":{"rendered":"https:\/\/www.bau-styl.hu\/epitoanyag\/termek\/roto-wdf-r45-h-wd-fa-billeno-tetoablakhoszig-csom2r-uveg-5-7-54x78-cm\/"},"modified":"2026-03-06T15:06:31","modified_gmt":"2026-03-06T13:06:31","slug":"roto-wdf-r45-h-wd-fa-billeno-tetoablakhoszig-csom2r-uveg-5-7-54x78-cm","status":"publish","type":"product","link":"https:\/\/www.bau-styl.hu\/epitoanyag\/termek\/roto-wdf-r45-h-wd-fa-billeno-tetoablakhoszig-csom2r-uveg-5-7-54x78-cm\/","title":{"rendered":"Roto WDF R45 H WD Fa billen\u0151 tet\u0151ablak,h\u0151szig.csom,2r.\u00fcveg 5\/7, 54&#215;78 cm"},"content":{"rendered":"","protected":false},"excerpt":{"rendered":"","protected":false},"featured_media":29618,"template":"","meta":[],"product_brand":[],"product_cat":[185,187,193,194],"product_tag":[],"class_list":{"0":"post-8803","1":"product","2":"type-product","3":"status-publish","4":"has-post-thumbnail","6":"product_cat-nyilaszarok","7":"product_cat-tetoteri-ablak","8":"product_cat-roto","9":"product_cat-ablak-roto","11":"first","12":"instock","13":"taxable","14":"shipping-taxable","15":"purchasable","16":"product-type-simple"},"aioseo_notices":[],"_links":{"self":[{"href":"https:\/\/www.bau-styl.hu\/epitoanyag\/wp-json\/wp\/v2\/product\/8803","targetHints":{"allow":["GET"]}}],"collection":[{"href":"https:\/\/www.bau-styl.hu\/epitoanyag\/wp-json\/wp\/v2\/product"}],"about":[{"href":"https:\/\/www.bau-styl.hu\/epitoanyag\/wp-json\/wp\/v2\/types\/product"}],"wp:featuredmedia":[{"embeddable":true,"href":"https:\/\/www.bau-styl.hu\/epitoanyag\/wp-json\/wp\/v2\/media\/29618"}],"wp:attachment":[{"href":"https:\/\/www.bau-styl.hu\/epitoanyag\/wp-json\/wp\/v2\/media?parent=8803"}],"wp:term":[{"taxonomy":"product_brand","embeddable":true,"href":"https:\/\/www.bau-styl.hu\/epitoanyag\/wp-json\/wp\/v2\/product_brand?post=8803"},{"taxonomy":"product_cat","embeddable":true,"href":"https:\/\/www.bau-styl.hu\/epitoanyag\/wp-json\/wp\/v2\/product_cat?post=8803"},{"taxonomy":"product_tag","embeddable":true,"href":"https:\/\/www.bau-styl.hu\/epitoanyag\/wp-json\/wp\/v2\/product_tag?post=8803"}],"curies":[{"name":"wp","href":"https:\/\/api.w.org\/{rel}","templated":true}]}}