{"id":8819,"date":"2019-10-28T06:57:18","date_gmt":"2019-10-28T06:57:18","guid":{"rendered":"https:\/\/www.bau-styl.hu\/epitoanyag\/termek\/roto-wdf-r75-h-wd-fa-felso-1-3-billeno-tetoablakhoszig-csom2r-uveg-7-11-74x118-cm\/"},"modified":"2026-03-06T15:06:35","modified_gmt":"2026-03-06T13:06:35","slug":"roto-wdf-r75-h-wd-fa-felso-1-3-billeno-tetoablakhoszig-csom2r-uveg-7-11-74x118-cm","status":"publish","type":"product","link":"https:\/\/www.bau-styl.hu\/epitoanyag\/termek\/roto-wdf-r75-h-wd-fa-felso-1-3-billeno-tetoablakhoszig-csom2r-uveg-7-11-74x118-cm\/","title":{"rendered":"Roto WDF R75 H WD Fa, fels\u0151 1\/3 billen\u0151 tet\u0151ablak,h\u0151szig.csom,2r.\u00fcveg 7\/11, 74&#215;118 cm"},"content":{"rendered":"","protected":false},"excerpt":{"rendered":"","protected":false},"featured_media":29617,"template":"","meta":[],"product_brand":[],"product_cat":[185,187,193,194],"product_tag":[],"class_list":{"0":"post-8819","1":"product","2":"type-product","3":"status-publish","4":"has-post-thumbnail","6":"product_cat-nyilaszarok","7":"product_cat-tetoteri-ablak","8":"product_cat-roto","9":"product_cat-ablak-roto","11":"first","12":"instock","13":"taxable","14":"shipping-taxable","15":"purchasable","16":"product-type-simple"},"aioseo_notices":[],"_links":{"self":[{"href":"https:\/\/www.bau-styl.hu\/epitoanyag\/wp-json\/wp\/v2\/product\/8819","targetHints":{"allow":["GET"]}}],"collection":[{"href":"https:\/\/www.bau-styl.hu\/epitoanyag\/wp-json\/wp\/v2\/product"}],"about":[{"href":"https:\/\/www.bau-styl.hu\/epitoanyag\/wp-json\/wp\/v2\/types\/product"}],"wp:featuredmedia":[{"embeddable":true,"href":"https:\/\/www.bau-styl.hu\/epitoanyag\/wp-json\/wp\/v2\/media\/29617"}],"wp:attachment":[{"href":"https:\/\/www.bau-styl.hu\/epitoanyag\/wp-json\/wp\/v2\/media?parent=8819"}],"wp:term":[{"taxonomy":"product_brand","embeddable":true,"href":"https:\/\/www.bau-styl.hu\/epitoanyag\/wp-json\/wp\/v2\/product_brand?post=8819"},{"taxonomy":"product_cat","embeddable":true,"href":"https:\/\/www.bau-styl.hu\/epitoanyag\/wp-json\/wp\/v2\/product_cat?post=8819"},{"taxonomy":"product_tag","embeddable":true,"href":"https:\/\/www.bau-styl.hu\/epitoanyag\/wp-json\/wp\/v2\/product_tag?post=8819"}],"curies":[{"name":"wp","href":"https:\/\/api.w.org\/{rel}","templated":true}]}}