{"id":8822,"date":"2019-10-28T08:57:21","date_gmt":"2019-10-28T06:57:21","guid":{"rendered":"https:\/\/www.bau-styl.hu\/epitoanyag\/termek\/roto-wdf-r79-h-wd-fa-felso-1-3-billeno-tetoablakhoszig-csom-3r-uveg-06-11-65x118-cm\/"},"modified":"2026-03-06T15:06:41","modified_gmt":"2026-03-06T13:06:41","slug":"roto-wdf-r79-h-wd-fa-felso-1-3-billeno-tetoablakhoszig-csom-3r-uveg-06-11-65x118-cm","status":"publish","type":"product","link":"https:\/\/www.bau-styl.hu\/epitoanyag\/termek\/roto-wdf-r79-h-wd-fa-felso-1-3-billeno-tetoablakhoszig-csom-3r-uveg-06-11-65x118-cm\/","title":{"rendered":"Roto WDF R79 H WD Fa fels\u0151 1\/3 billen\u0151 tet\u0151ablak,h\u0151szig.csom. 3r.\u00fcveg 06\/11. 65&#215;118 cm"},"content":{"rendered":"","protected":false},"excerpt":{"rendered":"<p><strong>Most tet\u0151ablak \u00e9s burkol\u00f3keret p\u00e1ronk\u00e9nt 15.000 Ft-ot visszakap az \u00e1rb\u00f3l maximum 4 p\u00e1rra.<\/strong><\/p>\n<p>Vegyen r\u00e9szt a Roto p\u00e9nzvisszat\u00e9r\u00edt\u00e9si akci\u00f3j\u00e1ban, v\u00e1s\u00e1roljon R49, R79, R6 vagy R8 tet\u0151ablakot hozz\u00e1 tartoz\u00f3 burkol\u00f3kerettel 2024. j\u00fanius 17. \u00e9s j\u00falius 31. k\u00f6z\u00f6tt!<\/p>\n<p><strong>A prom\u00f3ci\u00f3 r\u00e9szleteir\u0151l <a href=\"https:\/\/penzvisszaterites.hu.dst.roto-frank.com\/\" target=\"_blank\" rel=\"noopener\"><span style=\"text-decoration: underline;\">itt tudhat meg t\u00f6bbet.<\/span><\/a><\/strong><\/p>\n","protected":false},"featured_media":29617,"template":"","meta":[],"product_brand":[],"product_cat":[185,187,193,194],"product_tag":[],"class_list":{"0":"post-8822","1":"product","2":"type-product","3":"status-publish","4":"has-post-thumbnail","6":"product_cat-nyilaszarok","7":"product_cat-tetoteri-ablak","8":"product_cat-roto","9":"product_cat-ablak-roto","11":"first","12":"instock","13":"taxable","14":"shipping-taxable","15":"purchasable","16":"product-type-simple"},"aioseo_notices":[],"_links":{"self":[{"href":"https:\/\/www.bau-styl.hu\/epitoanyag\/wp-json\/wp\/v2\/product\/8822","targetHints":{"allow":["GET"]}}],"collection":[{"href":"https:\/\/www.bau-styl.hu\/epitoanyag\/wp-json\/wp\/v2\/product"}],"about":[{"href":"https:\/\/www.bau-styl.hu\/epitoanyag\/wp-json\/wp\/v2\/types\/product"}],"wp:featuredmedia":[{"embeddable":true,"href":"https:\/\/www.bau-styl.hu\/epitoanyag\/wp-json\/wp\/v2\/media\/29617"}],"wp:attachment":[{"href":"https:\/\/www.bau-styl.hu\/epitoanyag\/wp-json\/wp\/v2\/media?parent=8822"}],"wp:term":[{"taxonomy":"product_brand","embeddable":true,"href":"https:\/\/www.bau-styl.hu\/epitoanyag\/wp-json\/wp\/v2\/product_brand?post=8822"},{"taxonomy":"product_cat","embeddable":true,"href":"https:\/\/www.bau-styl.hu\/epitoanyag\/wp-json\/wp\/v2\/product_cat?post=8822"},{"taxonomy":"product_tag","embeddable":true,"href":"https:\/\/www.bau-styl.hu\/epitoanyag\/wp-json\/wp\/v2\/product_tag?post=8822"}],"curies":[{"name":"wp","href":"https:\/\/api.w.org\/{rel}","templated":true}]}}